{"id":6724,"date":"2026-01-17T19:10:54","date_gmt":"2026-01-18T00:10:54","guid":{"rendered":"https:\/\/abrisdunord.com\/privacy-policy-2\/"},"modified":"2026-05-06T22:47:39","modified_gmt":"2026-05-07T02:47:39","slug":"privacy-policy","status":"publish","type":"page","link":"https:\/\/abrisdunord.com\/en\/privacy-policy\/","title":{"rendered":"Privacy Policy"},"content":{"rendered":"\t\t<div data-elementor-type=\"wp-page\" data-elementor-id=\"6724\" class=\"elementor elementor-6724 elementor-2163\" data-elementor-post-type=\"page\">\n\t\t\t\t<div class=\"elementor-element elementor-element-ee8b36f e-flex e-con-boxed e-con e-parent\" data-id=\"ee8b36f\" data-element_type=\"container\" data-e-type=\"container\" data-settings=\"{&quot;background_background&quot;:&quot;classic&quot;}\">\n\t\t\t\t\t<div class=\"e-con-inner\">\n\t\t<div class=\"elementor-element elementor-element-3f42a015 e-flex e-con-boxed e-con e-child\" data-id=\"3f42a015\" data-element_type=\"container\" data-e-type=\"container\">\n\t\t\t\t\t<div class=\"e-con-inner\">\n\t\t\t\t<div class=\"elementor-element elementor-element-61e211c9 premium-header-inline premium-lq__none premium-box-lq__none elementor-invisible elementor-widget elementor-widget-premium-addon-dual-header\" data-id=\"61e211c9\" data-element_type=\"widget\" data-e-type=\"widget\" data-settings=\"{&quot;_animation&quot;:&quot;fadeInDown&quot;}\" data-widget_type=\"premium-addon-dual-header.default\">\n\t\t\t\t\t\n\t\t<div class=\"elementor-widget-container\">\n\t\t\t\t\t<h1 class=\"premium-dual-header-first-header \"><span class=\"premium-dual-header-first-span\">Politique <\/span><span class=\"premium-dual-header-second-header \">de confidentialit\u00e9<\/span><\/h1> \t\t\t\t<\/div>\n\n\t\t\t\t\t\t<\/div>\n\t\t\t\t\t<\/div>\n\t\t\t\t<\/div>\n\t\t\t\t<div class=\"elementor-element elementor-element-601c96e5 elementor-widget__width-inherit elementor-absolute elementor-widget elementor-widget-image\" data-id=\"601c96e5\" data-element_type=\"widget\" data-e-type=\"widget\" data-settings=\"{&quot;_position&quot;:&quot;absolute&quot;}\" data-widget_type=\"image.default\">\n\t\t\t\t\t\t\t\t\t\t\t\t\t\t\t<img decoding=\"async\" width=\"228\" height=\"212\" src=\"https:\/\/abrisdunord.com\/wp-content\/uploads\/2026\/02\/7-1-1-1.png\" class=\"attachment-large size-large wp-image-2987 wp-post-image\" alt=\"\" \/>\t\t\t\t\t\t\t\t\t\t\t\t\t\t\t<\/div>\n\t\t\t\t<div class=\"elementor-element elementor-element-7b95d7ae elementor-widget__width-inherit elementor-absolute elementor-widget elementor-widget-image\" data-id=\"7b95d7ae\" data-element_type=\"widget\" data-e-type=\"widget\" data-settings=\"{&quot;_position&quot;:&quot;absolute&quot;}\" data-widget_type=\"image.default\">\n\t\t\t\t\t\t\t\t\t\t\t\t\t\t\t<img decoding=\"async\" width=\"228\" height=\"212\" src=\"https:\/\/abrisdunord.com\/wp-content\/uploads\/2026\/02\/7-1-1-1-1.png\" class=\"attachment-large size-large wp-image-3059 wp-post-image\" alt=\"\" \/>\t\t\t\t\t\t\t\t\t\t\t\t\t\t\t<\/div>\n\t\t\t\t\t<\/div>\n\t\t\t\t<\/div>\n\t\t<div class=\"elementor-element elementor-element-cd956fa e-flex e-con-boxed e-con e-parent\" data-id=\"cd956fa\" data-element_type=\"container\" data-e-type=\"container\" data-settings=\"{&quot;background_background&quot;:&quot;classic&quot;}\">\n\t\t\t\t\t<div class=\"e-con-inner\">\n\t\t<div class=\"elementor-element elementor-element-be056f5 e-con-full e-flex e-con e-child\" data-id=\"be056f5\" data-element_type=\"container\" data-e-type=\"container\">\n\t\t\t\t<div class=\"elementor-element elementor-element-c106eb8 elementor-widget elementor-widget-heading\" data-id=\"c106eb8\" data-element_type=\"widget\" data-e-type=\"widget\" data-widget_type=\"heading.default\">\n\t\t\t\t\t<h2 class=\"elementor-heading-title elementor-size-default\">Your Data is Confidential<\/h2>\t\t\t\t<\/div>\n\t\t\t\t<div class=\"elementor-element elementor-element-63a836e elementor-widget elementor-widget-text-editor\" data-id=\"63a836e\" data-element_type=\"widget\" data-e-type=\"widget\" data-widget_type=\"text-editor.default\">\n\t\t\t\t\t\t\t\t\t<h3><strong>Introduction<\/strong><\/h3><p>With the development of new communication tools, it is important to pay special attention to the protection of privacy. That is why we are committed to respecting the confidentiality of the personal information we collect.<\/p><h3><strong>Collection of Personal Information<\/strong><\/h3><p>We collect the following information:<\/p><ul><li>First name<\/li><li>Last name<\/li><li>Mailing address<\/li><li>Postal code<\/li><li>Email address<\/li><li>Phone number \/ fax<\/li><\/ul><p>The personal information we collect is gathered through forms and through interaction with our website. We also use cookies and\/or log files to gather information about you.<\/p><p>Your personal information is collected through: Website registration form, Order\/submission form.<\/p><p>We use the information collected for: Information \/ Promotional offers, Contact.<\/p><h3><strong>Log Files and Cookies<\/strong><\/h3><p>We collect: IP address, Operating system, Pages visited and requests, Connection time and date.<\/p><p>These files allow us to improve service, track orders, and gather statistics.<\/p><h3><strong>Right to Object and Withdraw<\/strong><\/h3><p>We are committed to offering you the right to object and withdraw regarding your personal information.<\/p><p>The right to object means the possibility to refuse that your personal information be used for certain purposes.<\/p><p>The right to withdraw means the possibility to request that your personal information no longer appear in mailing lists.<\/p><p>To exercise these rights: <a href=\"mailto:info@abrisdunord.com\">info@abrisdunord.com<\/a><\/p><h3><strong>Right of Access<\/strong><\/h3><p>We recognize the right of access and correction for individuals wishing to consult, modify, or delete their information.<\/p><p>Contact: <a href=\"mailto:info@abrisdunord.com\">info@abrisdunord.com<\/a><\/p><h3><strong>Security<\/strong><\/h3><p>Personal information is kept in a secure environment. Staff are required to respect confidentiality.<\/p><p>Security measures: SSL Protocol, Access management, Computer backup, Username\/password.<\/p><p>We maintain high confidentiality standards. Note that no mechanism offers absolute security when transmitting information online.<\/p>\t\t\t\t\t\t\t\t<\/div>\n\t\t\t\t<\/div>\n\t\t\t\t\t<\/div>\n\t\t\t\t<\/div>\n\t\t\t\t<\/div>\n\t\t","protected":false},"excerpt":{"rendered":"<p>Politique de confidentialit\u00e9 Vos donn\u00e9es sont confidentielles Introduction Devant le d\u00e9veloppement des nouveaux outils de communication, il est n\u00e9cessaire de porter une attention particuli\u00e8re \u00e0 la protection de la vie priv\u00e9e. C\u2019est pourquoi, nous nous engageons \u00e0 respecter la confidentialit\u00e9 des renseignements personnels que nous collectons.\u00a0 Collecte des renseignements personnels Nous collectons les renseignements suivants [&hellip;]<\/p>\n","protected":false},"author":1,"featured_media":0,"parent":0,"menu_order":0,"comment_status":"closed","ping_status":"closed","template":"","meta":{"footnotes":""},"class_list":["post-6724","page","type-page","status-publish","hentry"],"yoast_head":"<!-- This site is optimized with the Yoast SEO plugin v27.4 - https:\/\/yoast.com\/product\/yoast-seo-wordpress\/ -->\n<title>Privacy Policy - Abris Du Nord<\/title>\n<meta name=\"robots\" content=\"noindex, follow\" \/>\n<meta property=\"og:locale\" content=\"en_US\" \/>\n<meta property=\"og:type\" content=\"article\" \/>\n<meta property=\"og:title\" content=\"Privacy Policy - Abris Du Nord\" \/>\n<meta property=\"og:description\" content=\"Politique de confidentialit\u00e9 Vos donn\u00e9es sont confidentielles Introduction Devant le d\u00e9veloppement des nouveaux outils de communication, il est n\u00e9cessaire de porter une attention particuli\u00e8re \u00e0 la protection de la vie priv\u00e9e. C\u2019est pourquoi, nous nous engageons \u00e0 respecter la confidentialit\u00e9 des renseignements personnels que nous collectons.\u00a0 Collecte des renseignements personnels Nous collectons les renseignements suivants [&hellip;]\" \/>\n<meta property=\"og:url\" content=\"https:\/\/abrisdunord.com\/en\/privacy-policy\/\" \/>\n<meta property=\"og:site_name\" content=\"Abris Du Nord\" \/>\n<meta property=\"article:publisher\" content=\"https:\/\/www.facebook.com\/abrisdunord\" \/>\n<meta property=\"article:modified_time\" content=\"2026-05-07T02:47:39+00:00\" \/>\n<meta property=\"og:image\" content=\"https:\/\/abrisdunord.com\/wp-content\/uploads\/2026\/02\/7-1-1-1.png\" \/>\n<meta name=\"twitter:card\" content=\"summary_large_image\" \/>\n<meta name=\"twitter:label1\" content=\"Est. reading time\" \/>\n\t<meta name=\"twitter:data1\" content=\"3 minutes\" \/>\n<script type=\"application\/ld+json\" class=\"yoast-schema-graph\">{\"@context\":\"https:\\\/\\\/schema.org\",\"@graph\":[{\"@type\":\"WebPage\",\"@id\":\"https:\\\/\\\/abrisdunord.com\\\/en\\\/privacy-policy\\\/\",\"url\":\"https:\\\/\\\/abrisdunord.com\\\/en\\\/privacy-policy\\\/\",\"name\":\"Privacy Policy - Abris Du Nord\",\"isPartOf\":{\"@id\":\"https:\\\/\\\/abrisdunord.com\\\/en\\\/#website\"},\"primaryImageOfPage\":{\"@id\":\"https:\\\/\\\/abrisdunord.com\\\/en\\\/privacy-policy\\\/#primaryimage\"},\"image\":{\"@id\":\"https:\\\/\\\/abrisdunord.com\\\/en\\\/privacy-policy\\\/#primaryimage\"},\"thumbnailUrl\":\"https:\\\/\\\/abrisdunord.com\\\/wp-content\\\/uploads\\\/2026\\\/02\\\/7-1-1-1.png\",\"datePublished\":\"2026-01-18T00:10:54+00:00\",\"dateModified\":\"2026-05-07T02:47:39+00:00\",\"breadcrumb\":{\"@id\":\"https:\\\/\\\/abrisdunord.com\\\/en\\\/privacy-policy\\\/#breadcrumb\"},\"inLanguage\":\"en-US\",\"potentialAction\":[{\"@type\":\"ReadAction\",\"target\":[\"https:\\\/\\\/abrisdunord.com\\\/en\\\/privacy-policy\\\/\"]}]},{\"@type\":\"ImageObject\",\"inLanguage\":\"en-US\",\"@id\":\"https:\\\/\\\/abrisdunord.com\\\/en\\\/privacy-policy\\\/#primaryimage\",\"url\":\"https:\\\/\\\/abrisdunord.com\\\/wp-content\\\/uploads\\\/2026\\\/02\\\/7-1-1-1.png\",\"contentUrl\":\"https:\\\/\\\/abrisdunord.com\\\/wp-content\\\/uploads\\\/2026\\\/02\\\/7-1-1-1.png\"},{\"@type\":\"BreadcrumbList\",\"@id\":\"https:\\\/\\\/abrisdunord.com\\\/en\\\/privacy-policy\\\/#breadcrumb\",\"itemListElement\":[{\"@type\":\"ListItem\",\"position\":1,\"name\":\"Accueil\",\"item\":\"https:\\\/\\\/abrisdunord.com\\\/en\\\/\"},{\"@type\":\"ListItem\",\"position\":2,\"name\":\"Privacy Policy\"}]},{\"@type\":\"WebSite\",\"@id\":\"https:\\\/\\\/abrisdunord.com\\\/en\\\/#website\",\"url\":\"https:\\\/\\\/abrisdunord.com\\\/en\\\/\",\"name\":\"Abris Du Nord | Solarium | Pergolas | Mobilier de jardin | Et plus\",\"description\":\"Car Shelters | Sunrooms | Pergolas | Gazebos\",\"publisher\":{\"@id\":\"https:\\\/\\\/abrisdunord.com\\\/en\\\/#organization\"},\"potentialAction\":[{\"@type\":\"SearchAction\",\"target\":{\"@type\":\"EntryPoint\",\"urlTemplate\":\"https:\\\/\\\/abrisdunord.com\\\/en\\\/?s={search_term_string}\"},\"query-input\":{\"@type\":\"PropertyValueSpecification\",\"valueRequired\":true,\"valueName\":\"search_term_string\"}}],\"inLanguage\":\"en-US\"},{\"@type\":\"Organization\",\"@id\":\"https:\\\/\\\/abrisdunord.com\\\/en\\\/#organization\",\"name\":\"Abris Du Nord\",\"url\":\"https:\\\/\\\/abrisdunord.com\\\/en\\\/\",\"logo\":{\"@type\":\"ImageObject\",\"inLanguage\":\"en-US\",\"@id\":\"https:\\\/\\\/abrisdunord.com\\\/en\\\/#\\\/schema\\\/logo\\\/image\\\/\",\"url\":\"https:\\\/\\\/abrisdunord.com\\\/wp-content\\\/uploads\\\/2026\\\/02\\\/Logo-site-fonce.svg\",\"contentUrl\":\"https:\\\/\\\/abrisdunord.com\\\/wp-content\\\/uploads\\\/2026\\\/02\\\/Logo-site-fonce.svg\",\"width\":239,\"height\":206,\"caption\":\"Abris Du Nord\"},\"image\":{\"@id\":\"https:\\\/\\\/abrisdunord.com\\\/en\\\/#\\\/schema\\\/logo\\\/image\\\/\"},\"sameAs\":[\"https:\\\/\\\/www.facebook.com\\\/abrisdunord\",\"https:\\\/\\\/www.instagram.com\\\/abrisdunord\\\/\",\"https:\\\/\\\/www.tiktok.com\\\/@abrisdunord\",\"https:\\\/\\\/www.youtube.com\\\/@AbrisDuNord\",\"https:\\\/\\\/www.youtube.com\\\/channel\\\/UCsamnF8zXcX5PPwCyfzBRrQ\"]}]}<\/script>\n<!-- \/ Yoast SEO plugin. -->","yoast_head_json":{"title":"Privacy Policy - Abris Du Nord","robots":{"index":"noindex","follow":"follow"},"og_locale":"en_US","og_type":"article","og_title":"Privacy Policy - Abris Du Nord","og_description":"Politique de confidentialit\u00e9 Vos donn\u00e9es sont confidentielles Introduction Devant le d\u00e9veloppement des nouveaux outils de communication, il est n\u00e9cessaire de porter une attention particuli\u00e8re \u00e0 la protection de la vie priv\u00e9e. C\u2019est pourquoi, nous nous engageons \u00e0 respecter la confidentialit\u00e9 des renseignements personnels que nous collectons.\u00a0 Collecte des renseignements personnels Nous collectons les renseignements suivants [&hellip;]","og_url":"https:\/\/abrisdunord.com\/en\/privacy-policy\/","og_site_name":"Abris Du Nord","article_publisher":"https:\/\/www.facebook.com\/abrisdunord","article_modified_time":"2026-05-07T02:47:39+00:00","og_image":[{"url":"https:\/\/abrisdunord.com\/wp-content\/uploads\/2026\/02\/7-1-1-1.png","type":"","width":"","height":""}],"twitter_card":"summary_large_image","twitter_misc":{"Est. reading time":"3 minutes"},"schema":{"@context":"https:\/\/schema.org","@graph":[{"@type":"WebPage","@id":"https:\/\/abrisdunord.com\/en\/privacy-policy\/","url":"https:\/\/abrisdunord.com\/en\/privacy-policy\/","name":"Privacy Policy - Abris Du Nord","isPartOf":{"@id":"https:\/\/abrisdunord.com\/en\/#website"},"primaryImageOfPage":{"@id":"https:\/\/abrisdunord.com\/en\/privacy-policy\/#primaryimage"},"image":{"@id":"https:\/\/abrisdunord.com\/en\/privacy-policy\/#primaryimage"},"thumbnailUrl":"https:\/\/abrisdunord.com\/wp-content\/uploads\/2026\/02\/7-1-1-1.png","datePublished":"2026-01-18T00:10:54+00:00","dateModified":"2026-05-07T02:47:39+00:00","breadcrumb":{"@id":"https:\/\/abrisdunord.com\/en\/privacy-policy\/#breadcrumb"},"inLanguage":"en-US","potentialAction":[{"@type":"ReadAction","target":["https:\/\/abrisdunord.com\/en\/privacy-policy\/"]}]},{"@type":"ImageObject","inLanguage":"en-US","@id":"https:\/\/abrisdunord.com\/en\/privacy-policy\/#primaryimage","url":"https:\/\/abrisdunord.com\/wp-content\/uploads\/2026\/02\/7-1-1-1.png","contentUrl":"https:\/\/abrisdunord.com\/wp-content\/uploads\/2026\/02\/7-1-1-1.png"},{"@type":"BreadcrumbList","@id":"https:\/\/abrisdunord.com\/en\/privacy-policy\/#breadcrumb","itemListElement":[{"@type":"ListItem","position":1,"name":"Accueil","item":"https:\/\/abrisdunord.com\/en\/"},{"@type":"ListItem","position":2,"name":"Privacy Policy"}]},{"@type":"WebSite","@id":"https:\/\/abrisdunord.com\/en\/#website","url":"https:\/\/abrisdunord.com\/en\/","name":"Abris Du Nord | Solarium | Pergolas | Mobilier de jardin | Et plus","description":"Car Shelters | Sunrooms | Pergolas | Gazebos","publisher":{"@id":"https:\/\/abrisdunord.com\/en\/#organization"},"potentialAction":[{"@type":"SearchAction","target":{"@type":"EntryPoint","urlTemplate":"https:\/\/abrisdunord.com\/en\/?s={search_term_string}"},"query-input":{"@type":"PropertyValueSpecification","valueRequired":true,"valueName":"search_term_string"}}],"inLanguage":"en-US"},{"@type":"Organization","@id":"https:\/\/abrisdunord.com\/en\/#organization","name":"Abris Du Nord","url":"https:\/\/abrisdunord.com\/en\/","logo":{"@type":"ImageObject","inLanguage":"en-US","@id":"https:\/\/abrisdunord.com\/en\/#\/schema\/logo\/image\/","url":"https:\/\/abrisdunord.com\/wp-content\/uploads\/2026\/02\/Logo-site-fonce.svg","contentUrl":"https:\/\/abrisdunord.com\/wp-content\/uploads\/2026\/02\/Logo-site-fonce.svg","width":239,"height":206,"caption":"Abris Du Nord"},"image":{"@id":"https:\/\/abrisdunord.com\/en\/#\/schema\/logo\/image\/"},"sameAs":["https:\/\/www.facebook.com\/abrisdunord","https:\/\/www.instagram.com\/abrisdunord\/","https:\/\/www.tiktok.com\/@abrisdunord","https:\/\/www.youtube.com\/@AbrisDuNord","https:\/\/www.youtube.com\/channel\/UCsamnF8zXcX5PPwCyfzBRrQ"]}]}},"_links":{"self":[{"href":"https:\/\/abrisdunord.com\/en\/wp-json\/wp\/v2\/pages\/6724","targetHints":{"allow":["GET"]}}],"collection":[{"href":"https:\/\/abrisdunord.com\/en\/wp-json\/wp\/v2\/pages"}],"about":[{"href":"https:\/\/abrisdunord.com\/en\/wp-json\/wp\/v2\/types\/page"}],"author":[{"embeddable":true,"href":"https:\/\/abrisdunord.com\/en\/wp-json\/wp\/v2\/users\/1"}],"replies":[{"embeddable":true,"href":"https:\/\/abrisdunord.com\/en\/wp-json\/wp\/v2\/comments?post=6724"}],"version-history":[{"count":0,"href":"https:\/\/abrisdunord.com\/en\/wp-json\/wp\/v2\/pages\/6724\/revisions"}],"wp:attachment":[{"href":"https:\/\/abrisdunord.com\/en\/wp-json\/wp\/v2\/media?parent=6724"}],"curies":[{"name":"wp","href":"https:\/\/api.w.org\/{rel}","templated":true}]}}