{"id":6998,"date":"2026-05-09T00:30:58","date_gmt":"2026-05-09T04:30:58","guid":{"rendered":"https:\/\/abrisdunord.com\/request-a-quote\/"},"modified":"2026-05-09T00:30:58","modified_gmt":"2026-05-09T04:30:58","slug":"request-a-quote","status":"publish","type":"page","link":"https:\/\/abrisdunord.com\/en\/request-a-quote\/","title":{"rendered":"Request a Quote"},"content":{"rendered":"<h1>Soumission g\u00e9n\u00e9rale<\/h1>\n<p>\t\t\t\t\t\t\t\t\t\t\t\t\t\t\t\t\t<img decoding=\"async\" width=\"228\" height=\"212\" src=\"https:\/\/abrisdunord.com\/wp-content\/uploads\/2026\/01\/7-1-1.png\" alt=\"\" \/>\t\t\t\t\t\t\t\t\t\t\t\t\t\t\t\t\t\t\t\t\t\t\t\t\t\t<img decoding=\"async\" width=\"228\" height=\"212\" src=\"https:\/\/abrisdunord.com\/wp-content\/uploads\/2026\/02\/7-1-1.png\" alt=\"\" \/>\t\t\t\t\t\t\t\t\t\t\t\t\t\t\t\t\t\t\t\t\t\t\t\t\t\t<img decoding=\"async\" width=\"228\" height=\"212\" src=\"https:\/\/abrisdunord.com\/wp-content\/uploads\/2026\/01\/7-1.png\" alt=\"\" \/><br \/>\n\t\t\t<a href=\"tel:+15146077072\"><br \/>\n\t\t\t<svg aria-hidden=\"true\" viewBox=\"0 0 512 512\" xmlns=\"http:\/\/www.w3.org\/2000\/svg\"><path d=\"M497.39 361.8l-112-48a24 24 0 0 0-28 6.9l-49.6 60.6A370.66 370.66 0 0 1 130.6 204.11l60.6-49.6a23.94 23.94 0 0 0 6.9-28l-48-112A24.16 24.16 0 0 0 122.6.61l-104 24A24 24 0 0 0 0 48c0 256.5 207.9 464 464 464a24 24 0 0 0 23.4-18.6l24-104a24.29 24.29 0 0 0-14.01-27.6z\"><\/path><\/svg>\t\t\t<\/a><\/p>\n<h5>T\u00e9l\u00e9phone<\/h5>\n<p>(514) 607-7072<\/p>\n<p>\t\t\t<a href=\"mailto:info@abrisdunord.com\"><br \/>\n\t\t\t<svg aria-hidden=\"true\" viewBox=\"0 0 512 512\" xmlns=\"http:\/\/www.w3.org\/2000\/svg\"><path d=\"M502.3 190.8c3.9-3.1 9.7-.2 9.7 4.7V400c0 26.5-21.5 48-48 48H48c-26.5 0-48-21.5-48-48V195.6c0-5 5.7-7.8 9.7-4.7 22.4 17.4 52.1 39.5 154.1 113.6 21.1 15.4 56.7 47.8 92.2 47.6 35.7.3 72-32.8 92.3-47.6 102-74.1 131.6-96.3 154-113.7zM256 320c23.2.4 56.6-29.2 73.4-41.4 132.7-96.3 142.8-104.7 173.4-128.7 5.8-4.5 9.2-11.5 9.2-18.9v-19c0-26.5-21.5-48-48-48H48C21.5 64 0 85.5 0 112v19c0 7.4 3.4 14.3 9.2 18.9 30.6 23.9 40.7 32.4 173.4 128.7 16.8 12.2 50.2 41.8 73.4 41.4z\"><\/path><\/svg>\t\t\t<\/a><\/p>\n<h5>Adresse courriel<\/h5>\n<p>info@abrisdunord.com<\/p>\n<p>\t\t\t<a href=\"https:\/\/www.google.com\/maps\/dir\/\/Abris+du+nord+inc,+1150+Bd+des+Laurentides+local+D,+Saint-J%C3%A9r%C3%B4me,+QC+J7J+2G8\/@45.4911805,-73.9993039,3850m\/data=!3m1!1e3!4m8!4m7!1m0!1m5!1m1!1s0x4cc92f385d35c6cf:0x888f21f65a559ca!2m2!1d-73.9816692!2d45.7546455?entry=ttu&#038;g_ep=EgoyMDI2MDEyOC4wIKXMDSoKLDEwMDc5MjA2OUgBUAM%3D\"><br \/>\n\t\t\t<svg aria-hidden=\"true\" viewBox=\"0 0 384 512\" xmlns=\"http:\/\/www.w3.org\/2000\/svg\"><path d=\"M172.268 501.67C26.97 291.031 0 269.413 0 192 0 85.961 85.961 0 192 0s192 85.961 192 192c0 77.413-26.97 99.031-172.268 309.67-9.535 13.774-29.93 13.773-39.464 0zM192 272c44.183 0 80-35.817 80-80s-35.817-80-80-80-80 35.817-80 80 35.817 80 80 80z\"><\/path><\/svg>\t\t\t<\/a><\/p>\n<h5>Adresse<\/h5>\n<p>1150 Bd des Laurentides local B, Saint-J\u00e9r\u00f4me, QC J7J 2G8<\/p>\n<p>\t\t\t\t\t<a href=\"tel:+15146077072\"><br \/>\n\t\t\t\t\t\tPhone-alt<br \/>\n\t\t\t\t\t\t<svg aria-hidden=\"true\" viewBox=\"0 0 512 512\" xmlns=\"http:\/\/www.w3.org\/2000\/svg\"><path d=\"M497.39 361.8l-112-48a24 24 0 0 0-28 6.9l-49.6 60.6A370.66 370.66 0 0 1 130.6 204.11l60.6-49.6a23.94 23.94 0 0 0 6.9-28l-48-112A24.16 24.16 0 0 0 122.6.61l-104 24A24 24 0 0 0 0 48c0 256.5 207.9 464 464 464a24 24 0 0 0 23.4-18.6l24-104a24.29 24.29 0 0 0-14.01-27.6z\"><\/path><\/svg>\t\t\t\t\t<\/a><br \/>\n\t\t\t\t\t<a href=\"https:\/\/www.google.com\/maps\/dir\/\/Abris+du+nord+inc,+1150+Bd+des+Laurentides+local+D,+Saint-J%C3%A9r%C3%B4me,+QC+J7J+2G8\/@45.4911805,-73.9993039,3850m\/data=!3m1!1e3!4m8!4m7!1m0!1m5!1m1!1s0x4cc92f385d35c6cf:0x888f21f65a559ca!2m2!1d-73.9816692!2d45.7546455?entry=ttu&#038;g_ep=EgoyMDI2MDEyOC4wIKXMDSoKLDEwMDc5MjA2OUgBUAM%3D\" target=\"_blank\"><br \/>\n\t\t\t\t\t\tMap-marker-alt<br \/>\n\t\t\t\t\t\t<svg aria-hidden=\"true\" viewBox=\"0 0 384 512\" xmlns=\"http:\/\/www.w3.org\/2000\/svg\"><path d=\"M172.268 501.67C26.97 291.031 0 269.413 0 192 0 85.961 85.961 0 192 0s192 85.961 192 192c0 77.413-26.97 99.031-172.268 309.67-9.535 13.774-29.93 13.773-39.464 0zM192 272c44.183 0 80-35.817 80-80s-35.817-80-80-80-80 35.817-80 80 35.817 80 80 80z\"><\/path><\/svg>\t\t\t\t\t<\/a><br \/>\n\t\t\t\t\t<a href=\"https:\/\/www.facebook.com\/abrisdunord\" target=\"_blank\"><br \/>\n\t\t\t\t\t\tFacebook<br \/>\n\t\t\t\t\t\t<svg aria-hidden=\"true\" viewBox=\"0 0 512 512\" xmlns=\"http:\/\/www.w3.org\/2000\/svg\"><path d=\"M504 256C504 119 393 8 256 8S8 119 8 256c0 123.78 90.69 226.38 209.25 245V327.69h-63V256h63v-54.64c0-62.15 37-96.48 93.67-96.48 27.14 0 55.52 4.84 55.52 4.84v61h-31.28c-30.8 0-40.41 19.12-40.41 38.73V256h68.78l-11 71.69h-57.78V501C413.31 482.38 504 379.78 504 256z\"><\/path><\/svg>\t\t\t\t\t<\/a><br \/>\n\t\t\t\t\t<a target=\"_blank\"><br \/>\n\t\t\t\t\t\tInstagram<br \/>\n\t\t\t\t\t\t<svg aria-hidden=\"true\" viewBox=\"0 0 448 512\" xmlns=\"http:\/\/www.w3.org\/2000\/svg\"><path d=\"M224.1 141c-63.6 0-114.9 51.3-114.9 114.9s51.3 114.9 114.9 114.9S339 319.5 339 255.9 287.7 141 224.1 141zm0 189.6c-41.1 0-74.7-33.5-74.7-74.7s33.5-74.7 74.7-74.7 74.7 33.5 74.7 74.7-33.6 74.7-74.7 74.7zm146.4-194.3c0 14.9-12 26.8-26.8 26.8-14.9 0-26.8-12-26.8-26.8s12-26.8 26.8-26.8 26.8 12 26.8 26.8zm76.1 27.2c-1.7-35.9-9.9-67.7-36.2-93.9-26.2-26.2-58-34.4-93.9-36.2-37-2.1-147.9-2.1-184.9 0-35.8 1.7-67.6 9.9-93.9 36.1s-34.4 58-36.2 93.9c-2.1 37-2.1 147.9 0 184.9 1.7 35.9 9.9 67.7 36.2 93.9s58 34.4 93.9 36.2c37 2.1 147.9 2.1 184.9 0 35.9-1.7 67.7-9.9 93.9-36.2 26.2-26.2 34.4-58 36.2-93.9 2.1-37 2.1-147.8 0-184.8zM398.8 388c-7.8 19.6-22.9 34.7-42.6 42.6-29.5 11.7-99.5 9-132.1 9s-102.7 2.6-132.1-9c-19.6-7.8-34.7-22.9-42.6-42.6-11.7-29.5-9-99.5-9-132.1s-2.6-102.7 9-132.1c7.8-19.6 22.9-34.7 42.6-42.6 29.5-11.7 99.5-9 132.1-9s102.7-2.6 132.1 9c19.6 7.8 34.7 22.9 42.6 42.6 11.7 29.5 9 99.5 9 132.1s2.7 102.7-9 132.1z\"><\/path><\/svg>\t\t\t\t\t<\/a><br \/>\n\t\t\t\t\t<a target=\"_blank\"><br \/>\n\t\t\t\t\t\tTiktok<br \/>\n\t\t\t\t\t\t<svg aria-hidden=\"true\" viewBox=\"0 0 448 512\" xmlns=\"http:\/\/www.w3.org\/2000\/svg\"><path d=\"M448,209.91a210.06,210.06,0,0,1-122.77-39.25V349.38A162.55,162.55,0,1,1,185,188.31V278.2a74.62,74.62,0,1,0,52.23,71.18V0l88,0a121.18,121.18,0,0,0,1.86,22.17h0A122.18,122.18,0,0,0,381,102.39a121.43,121.43,0,0,0,67,20.14Z\"><\/path><\/svg>\t\t\t\t\t<\/a><br \/>\n\t\t\t\t\t<a href=\"https:\/\/www.youtube.com\/channel\/UCsamnF8zXcX5PPwCyfzBRrQ\" target=\"_blank\"><br \/>\n\t\t\t\t\t\tYoutube<br \/>\n\t\t\t\t\t\t<svg aria-hidden=\"true\" viewBox=\"0 0 576 512\" xmlns=\"http:\/\/www.w3.org\/2000\/svg\"><path d=\"M549.655 124.083c-6.281-23.65-24.787-42.276-48.284-48.597C458.781 64 288 64 288 64S117.22 64 74.629 75.486c-23.497 6.322-42.003 24.947-48.284 48.597-11.412 42.867-11.412 132.305-11.412 132.305s0 89.438 11.412 132.305c6.281 23.65 24.787 41.5 48.284 47.821C117.22 448 288 448 288 448s170.78 0 213.371-11.486c23.497-6.321 42.003-24.171 48.284-47.821 11.412-42.867 11.412-132.305 11.412-132.305s0-89.438-11.412-132.305zm-317.51 213.508V175.185l142.739 81.205-142.739 81.201z\"><\/path><\/svg>\t\t\t\t\t<\/a><br \/>\n\t\t\t\t\t\t\t\t\t\t\t\t<a role=\"button\"><br \/>\n\t\t\t\t\t\t\t\t\tFoire aux questions<br \/>\n\t\t\t\t\t<\/a><\/p>\n<h2>Demande de soumission pour installation et construction<\/h2>\n<p>Pr\u00eat \u00e0 concr\u00e9tiser votre projet d\u2019am\u00e9nagement ext\u00e9rieur?\u00a0<\/p>\n<p>Remplissez notre formulaire pour obtenir une \u00e9valuation personnalis\u00e9e.<\/p>\n<ul>\n<li>\n\t\t\t\t\t\t\t\t\t\tVoir notre politique de confidentialit\u00e9\n\t\t\t\t\t\t\t\t\t<\/li>\n<\/ul>\n<h4>Passez nous voir, notre vaste salle de montre est ouverte au public. La plus grande s\u00e9lection d&#8217;abris \u00e0 d\u00e9couvrir en personne!<\/h4>\n<p>Nous garantissons le meilleur prix*.<\/p>\n<ul>\n<li>\n\t\t\t\t\t\t\t\t\t\t\t<a href=\"https:\/\/www.google.com\/maps\/dir\/\/Abris+du+nord+inc,+1150+Bd+des+Laurentides+local+D,+Saint-J%C3%A9r%C3%B4me,+QC+J7J+2G8\/@45.4911805,-73.9993039,3850m\/data=!3m1!1e3!4m8!4m7!1m0!1m5!1m1!1s0x4cc92f385d35c6cf:0x888f21f65a559ca!2m2!1d-73.9816692!2d45.7546455?entry=ttu&#038;g_ep=EgoyMDI2MDEyOC4wIKXMDSoKLDEwMDc5MjA2OUgBUAM%3D\"><br \/>\n\t\t\t\t\t\t\t<svg aria-hidden=\"true\" viewBox=\"0 0 384 512\" xmlns=\"http:\/\/www.w3.org\/2000\/svg\"><path d=\"M172.268 501.67C26.97 291.031 0 269.413 0 192 0 85.961 85.961 0 192 0s192 85.961 192 192c0 77.413-26.97 99.031-172.268 309.67-9.535 13.774-29.93 13.773-39.464 0zM192 272c44.183 0 80-35.817 80-80s-35.817-80-80-80-80 35.817-80 80 35.817 80 80 80z\"><\/path><\/svg><br \/>\n\t\t\t\t\t\t\t\t\t\t1150 Bd des Laurentides, local B, Saint-J\u00e9r\u00f4me<br \/>\n\t\t\t\t\t\t\t\t\t\t\t<\/a>\n\t\t\t\t\t\t\t\t\t<\/li>\n<li>\n\t\t\t\t\t\t\t<svg aria-hidden=\"true\" viewBox=\"0 0 512 512\" xmlns=\"http:\/\/www.w3.org\/2000\/svg\"><path d=\"M256,8C119,8,8,119,8,256S119,504,256,504,504,393,504,256,393,8,256,8Zm92.49,313h0l-20,25a16,16,0,0,1-22.49,2.5h0l-67-49.72a40,40,0,0,1-15-31.23V112a16,16,0,0,1,16-16h32a16,16,0,0,1,16,16V256l58,42.5A16,16,0,0,1,348.49,321Z\"><\/path><\/svg><br \/>\n\t\t\t\t\t\t\t\t\t\tLundi au Vendredi : 8h \u00e0 17h\n\t\t\t\t\t\t\t\t\t<\/li>\n<li>\n\t\t\t\t\t\t\t<svg aria-hidden=\"true\" viewBox=\"0 0 512 512\" xmlns=\"http:\/\/www.w3.org\/2000\/svg\"><path d=\"M256,8C119,8,8,119,8,256S119,504,256,504,504,393,504,256,393,8,256,8Zm92.49,313h0l-20,25a16,16,0,0,1-22.49,2.5h0l-67-49.72a40,40,0,0,1-15-31.23V112a16,16,0,0,1,16-16h32a16,16,0,0,1,16,16V256l58,42.5A16,16,0,0,1,348.49,321Z\"><\/path><\/svg><br \/>\n\t\t\t\t\t\t\t\t\t\tSamedi : 8h30 \u00e0 15h\n\t\t\t\t\t\t\t\t\t<\/li>\n<li>\n\t\t\t\t\t\t\t<svg aria-hidden=\"true\" viewBox=\"0 0 512 512\" xmlns=\"http:\/\/www.w3.org\/2000\/svg\"><path d=\"M256,8C119,8,8,119,8,256S119,504,256,504,504,393,504,256,393,8,256,8Zm92.49,313h0l-20,25a16,16,0,0,1-22.49,2.5h0l-67-49.72a40,40,0,0,1-15-31.23V112a16,16,0,0,1,16-16h32a16,16,0,0,1,16,16V256l58,42.5A16,16,0,0,1,348.49,321Z\"><\/path><\/svg><br \/>\n\t\t\t\t\t\t\t\t\t\tDimanche : Ferm\u00e9\n\t\t\t\t\t\t\t\t\t<\/li>\n<li>\n\t\t\t\t\t\t\t\t\t\t\t<a href=\"tel:+15146077072\"><br \/>\n\t\t\t\t\t\t\t<svg aria-hidden=\"true\" viewBox=\"0 0 512 512\" xmlns=\"http:\/\/www.w3.org\/2000\/svg\"><path d=\"M497.39 361.8l-112-48a24 24 0 0 0-28 6.9l-49.6 60.6A370.66 370.66 0 0 1 130.6 204.11l60.6-49.6a23.94 23.94 0 0 0 6.9-28l-48-112A24.16 24.16 0 0 0 122.6.61l-104 24A24 24 0 0 0 0 48c0 256.5 207.9 464 464 464a24 24 0 0 0 23.4-18.6l24-104a24.29 24.29 0 0 0-14.01-27.6z\"><\/path><\/svg><br \/>\n\t\t\t\t\t\t\t\t\t\t(514) 607-7072<br \/>\n\t\t\t\t\t\t\t\t\t\t\t<\/a>\n\t\t\t\t\t\t\t\t\t<\/li>\n<li>\n\t\t\t\t\t\t\t\t\t\t\t<a href=\"mailto:info@abrisdunord.com\"><br \/>\n\t\t\t\t\t\t\t<svg aria-hidden=\"true\" viewBox=\"0 0 512 512\" xmlns=\"http:\/\/www.w3.org\/2000\/svg\"><path d=\"M464 64H48C21.49 64 0 85.49 0 112v288c0 26.51 21.49 48 48 48h416c26.51 0 48-21.49 48-48V112c0-26.51-21.49-48-48-48zm0 48v40.805c-22.422 18.259-58.168 46.651-134.587 106.49-16.841 13.247-50.201 45.072-73.413 44.701-23.208.375-56.579-31.459-73.413-44.701C106.18 199.465 70.425 171.067 48 152.805V112h416zM48 400V214.398c22.914 18.251 55.409 43.862 104.938 82.646 21.857 17.205 60.134 55.186 103.062 54.955 42.717.231 80.509-37.199 103.053-54.947 49.528-38.783 82.032-64.401 104.947-82.653V400H48z\"><\/path><\/svg><br \/>\n\t\t\t\t\t\t\t\t\t\tinfo@abrisdunord.com<br \/>\n\t\t\t\t\t\t\t\t\t\t\t<\/a>\n\t\t\t\t\t\t\t\t\t<\/li>\n<\/ul>\n<p>* Si vous trouvez moins cher ailleurs, nous battrons le prix de la concurrence sur pr\u00e9sentation d&#8217;une preuve de leur tarif pour tous les produits Gazebo Penguin, Corriveau MDJ, Pro Cam et Sol Pergolas.<\/p>\n<p>Salle de montre<\/p>\n<p>\t\t\t\t+<br \/>\n\t\t\t\t0<br \/>\n\t\t\t\tpi\u00b2<\/p>\n","protected":false},"excerpt":{"rendered":"<p>Soumission g\u00e9n\u00e9rale T\u00e9l\u00e9phone (514) 607-7072 Adresse courriel info@abrisdunord.com Adresse 1150 Bd des Laurentides local B, Saint-J\u00e9r\u00f4me, QC J7J 2G8 Phone-alt Map-marker-alt Facebook Instagram Tiktok Youtube Foire aux questions Demande de soumission pour installation et construction Pr\u00eat \u00e0 concr\u00e9tiser votre projet d\u2019am\u00e9nagement ext\u00e9rieur?\u00a0 Remplissez notre formulaire pour obtenir une \u00e9valuation personnalis\u00e9e. Voir notre politique de confidentialit\u00e9 [&hellip;]<\/p>\n","protected":false},"author":1,"featured_media":0,"parent":0,"menu_order":0,"comment_status":"closed","ping_status":"closed","template":"","meta":{"footnotes":""},"class_list":["post-6998","page","type-page","status-publish","hentry"],"yoast_head":"<!-- This site is optimized with the Yoast SEO plugin v27.5 - https:\/\/yoast.com\/product\/yoast-seo-wordpress\/ -->\n<title>Request a Quote - Abris Du Nord<\/title>\n<meta name=\"robots\" content=\"index, follow, max-snippet:-1, max-image-preview:large, max-video-preview:-1\" \/>\n<link rel=\"canonical\" href=\"https:\/\/abrisdunord.com\/en\/request-a-quote\/\" \/>\n<meta property=\"og:locale\" content=\"en_US\" \/>\n<meta property=\"og:type\" content=\"article\" \/>\n<meta property=\"og:title\" content=\"Request a Quote - Abris Du Nord\" \/>\n<meta property=\"og:description\" content=\"Soumission g\u00e9n\u00e9rale T\u00e9l\u00e9phone (514) 607-7072 Adresse courriel info@abrisdunord.com Adresse 1150 Bd des Laurentides local B, Saint-J\u00e9r\u00f4me, QC J7J 2G8 Phone-alt Map-marker-alt Facebook Instagram Tiktok Youtube Foire aux questions Demande de soumission pour installation et construction Pr\u00eat \u00e0 concr\u00e9tiser votre projet d\u2019am\u00e9nagement ext\u00e9rieur?\u00a0 Remplissez notre formulaire pour obtenir une \u00e9valuation personnalis\u00e9e. Voir notre politique de confidentialit\u00e9 [&hellip;]\" \/>\n<meta property=\"og:url\" content=\"https:\/\/abrisdunord.com\/en\/request-a-quote\/\" \/>\n<meta property=\"og:site_name\" content=\"Abris Du Nord\" \/>\n<meta property=\"article:publisher\" content=\"https:\/\/www.facebook.com\/abrisdunord\" \/>\n<meta property=\"og:image\" content=\"https:\/\/abrisdunord.com\/wp-content\/uploads\/2026\/01\/7-1-1.png\" \/>\n<meta name=\"twitter:card\" content=\"summary_large_image\" \/>\n<meta name=\"twitter:label1\" content=\"Est. reading time\" \/>\n\t<meta name=\"twitter:data1\" content=\"1 minute\" \/>\n<script type=\"application\/ld+json\" class=\"yoast-schema-graph\">{\"@context\":\"https:\\\/\\\/schema.org\",\"@graph\":[{\"@type\":\"WebPage\",\"@id\":\"https:\\\/\\\/abrisdunord.com\\\/en\\\/request-a-quote\\\/\",\"url\":\"https:\\\/\\\/abrisdunord.com\\\/en\\\/request-a-quote\\\/\",\"name\":\"Request a Quote - Abris Du Nord\",\"isPartOf\":{\"@id\":\"https:\\\/\\\/abrisdunord.com\\\/en\\\/#website\"},\"primaryImageOfPage\":{\"@id\":\"https:\\\/\\\/abrisdunord.com\\\/en\\\/request-a-quote\\\/#primaryimage\"},\"image\":{\"@id\":\"https:\\\/\\\/abrisdunord.com\\\/en\\\/request-a-quote\\\/#primaryimage\"},\"thumbnailUrl\":\"https:\\\/\\\/abrisdunord.com\\\/wp-content\\\/uploads\\\/2026\\\/01\\\/7-1-1.png\",\"datePublished\":\"2026-05-09T04:30:58+00:00\",\"breadcrumb\":{\"@id\":\"https:\\\/\\\/abrisdunord.com\\\/en\\\/request-a-quote\\\/#breadcrumb\"},\"inLanguage\":\"en-US\",\"potentialAction\":[{\"@type\":\"ReadAction\",\"target\":[\"https:\\\/\\\/abrisdunord.com\\\/en\\\/request-a-quote\\\/\"]}]},{\"@type\":\"ImageObject\",\"inLanguage\":\"en-US\",\"@id\":\"https:\\\/\\\/abrisdunord.com\\\/en\\\/request-a-quote\\\/#primaryimage\",\"url\":\"https:\\\/\\\/abrisdunord.com\\\/wp-content\\\/uploads\\\/2026\\\/01\\\/7-1-1.png\",\"contentUrl\":\"https:\\\/\\\/abrisdunord.com\\\/wp-content\\\/uploads\\\/2026\\\/01\\\/7-1-1.png\"},{\"@type\":\"BreadcrumbList\",\"@id\":\"https:\\\/\\\/abrisdunord.com\\\/en\\\/request-a-quote\\\/#breadcrumb\",\"itemListElement\":[{\"@type\":\"ListItem\",\"position\":1,\"name\":\"Accueil\",\"item\":\"https:\\\/\\\/abrisdunord.com\\\/en\\\/\"},{\"@type\":\"ListItem\",\"position\":2,\"name\":\"Request a Quote\"}]},{\"@type\":\"WebSite\",\"@id\":\"https:\\\/\\\/abrisdunord.com\\\/en\\\/#website\",\"url\":\"https:\\\/\\\/abrisdunord.com\\\/en\\\/\",\"name\":\"Abris Du Nord | Solarium | Pergolas | Mobilier de jardin | Et plus\",\"description\":\"Car Shelters | Sunrooms | Pergolas | Gazebos\",\"publisher\":{\"@id\":\"https:\\\/\\\/abrisdunord.com\\\/en\\\/#organization\"},\"potentialAction\":[{\"@type\":\"SearchAction\",\"target\":{\"@type\":\"EntryPoint\",\"urlTemplate\":\"https:\\\/\\\/abrisdunord.com\\\/en\\\/?s={search_term_string}\"},\"query-input\":{\"@type\":\"PropertyValueSpecification\",\"valueRequired\":true,\"valueName\":\"search_term_string\"}}],\"inLanguage\":\"en-US\"},{\"@type\":\"Organization\",\"@id\":\"https:\\\/\\\/abrisdunord.com\\\/en\\\/#organization\",\"name\":\"Abris Du Nord\",\"url\":\"https:\\\/\\\/abrisdunord.com\\\/en\\\/\",\"logo\":{\"@type\":\"ImageObject\",\"inLanguage\":\"en-US\",\"@id\":\"https:\\\/\\\/abrisdunord.com\\\/en\\\/#\\\/schema\\\/logo\\\/image\\\/\",\"url\":\"https:\\\/\\\/abrisdunord.com\\\/wp-content\\\/uploads\\\/2026\\\/02\\\/Logo-site-fonce.svg\",\"contentUrl\":\"https:\\\/\\\/abrisdunord.com\\\/wp-content\\\/uploads\\\/2026\\\/02\\\/Logo-site-fonce.svg\",\"width\":239,\"height\":206,\"caption\":\"Abris Du Nord\"},\"image\":{\"@id\":\"https:\\\/\\\/abrisdunord.com\\\/en\\\/#\\\/schema\\\/logo\\\/image\\\/\"},\"sameAs\":[\"https:\\\/\\\/www.facebook.com\\\/abrisdunord\",\"https:\\\/\\\/www.instagram.com\\\/abrisdunord\\\/\",\"https:\\\/\\\/www.tiktok.com\\\/@abrisdunord\",\"https:\\\/\\\/www.youtube.com\\\/@AbrisDuNord\",\"https:\\\/\\\/www.youtube.com\\\/channel\\\/UCsamnF8zXcX5PPwCyfzBRrQ\"]}]}<\/script>\n<!-- \/ Yoast SEO plugin. -->","yoast_head_json":{"title":"Request a Quote - Abris Du Nord","robots":{"index":"index","follow":"follow","max-snippet":"max-snippet:-1","max-image-preview":"max-image-preview:large","max-video-preview":"max-video-preview:-1"},"canonical":"https:\/\/abrisdunord.com\/en\/request-a-quote\/","og_locale":"en_US","og_type":"article","og_title":"Request a Quote - Abris Du Nord","og_description":"Soumission g\u00e9n\u00e9rale T\u00e9l\u00e9phone (514) 607-7072 Adresse courriel info@abrisdunord.com Adresse 1150 Bd des Laurentides local B, Saint-J\u00e9r\u00f4me, QC J7J 2G8 Phone-alt Map-marker-alt Facebook Instagram Tiktok Youtube Foire aux questions Demande de soumission pour installation et construction Pr\u00eat \u00e0 concr\u00e9tiser votre projet d\u2019am\u00e9nagement ext\u00e9rieur?\u00a0 Remplissez notre formulaire pour obtenir une \u00e9valuation personnalis\u00e9e. Voir notre politique de confidentialit\u00e9 [&hellip;]","og_url":"https:\/\/abrisdunord.com\/en\/request-a-quote\/","og_site_name":"Abris Du Nord","article_publisher":"https:\/\/www.facebook.com\/abrisdunord","og_image":[{"url":"https:\/\/abrisdunord.com\/wp-content\/uploads\/2026\/01\/7-1-1.png","type":"","width":"","height":""}],"twitter_card":"summary_large_image","twitter_misc":{"Est. reading time":"1 minute"},"schema":{"@context":"https:\/\/schema.org","@graph":[{"@type":"WebPage","@id":"https:\/\/abrisdunord.com\/en\/request-a-quote\/","url":"https:\/\/abrisdunord.com\/en\/request-a-quote\/","name":"Request a Quote - Abris Du Nord","isPartOf":{"@id":"https:\/\/abrisdunord.com\/en\/#website"},"primaryImageOfPage":{"@id":"https:\/\/abrisdunord.com\/en\/request-a-quote\/#primaryimage"},"image":{"@id":"https:\/\/abrisdunord.com\/en\/request-a-quote\/#primaryimage"},"thumbnailUrl":"https:\/\/abrisdunord.com\/wp-content\/uploads\/2026\/01\/7-1-1.png","datePublished":"2026-05-09T04:30:58+00:00","breadcrumb":{"@id":"https:\/\/abrisdunord.com\/en\/request-a-quote\/#breadcrumb"},"inLanguage":"en-US","potentialAction":[{"@type":"ReadAction","target":["https:\/\/abrisdunord.com\/en\/request-a-quote\/"]}]},{"@type":"ImageObject","inLanguage":"en-US","@id":"https:\/\/abrisdunord.com\/en\/request-a-quote\/#primaryimage","url":"https:\/\/abrisdunord.com\/wp-content\/uploads\/2026\/01\/7-1-1.png","contentUrl":"https:\/\/abrisdunord.com\/wp-content\/uploads\/2026\/01\/7-1-1.png"},{"@type":"BreadcrumbList","@id":"https:\/\/abrisdunord.com\/en\/request-a-quote\/#breadcrumb","itemListElement":[{"@type":"ListItem","position":1,"name":"Accueil","item":"https:\/\/abrisdunord.com\/en\/"},{"@type":"ListItem","position":2,"name":"Request a Quote"}]},{"@type":"WebSite","@id":"https:\/\/abrisdunord.com\/en\/#website","url":"https:\/\/abrisdunord.com\/en\/","name":"Abris Du Nord | Solarium | Pergolas | Mobilier de jardin | Et plus","description":"Car Shelters | Sunrooms | Pergolas | Gazebos","publisher":{"@id":"https:\/\/abrisdunord.com\/en\/#organization"},"potentialAction":[{"@type":"SearchAction","target":{"@type":"EntryPoint","urlTemplate":"https:\/\/abrisdunord.com\/en\/?s={search_term_string}"},"query-input":{"@type":"PropertyValueSpecification","valueRequired":true,"valueName":"search_term_string"}}],"inLanguage":"en-US"},{"@type":"Organization","@id":"https:\/\/abrisdunord.com\/en\/#organization","name":"Abris Du Nord","url":"https:\/\/abrisdunord.com\/en\/","logo":{"@type":"ImageObject","inLanguage":"en-US","@id":"https:\/\/abrisdunord.com\/en\/#\/schema\/logo\/image\/","url":"https:\/\/abrisdunord.com\/wp-content\/uploads\/2026\/02\/Logo-site-fonce.svg","contentUrl":"https:\/\/abrisdunord.com\/wp-content\/uploads\/2026\/02\/Logo-site-fonce.svg","width":239,"height":206,"caption":"Abris Du Nord"},"image":{"@id":"https:\/\/abrisdunord.com\/en\/#\/schema\/logo\/image\/"},"sameAs":["https:\/\/www.facebook.com\/abrisdunord","https:\/\/www.instagram.com\/abrisdunord\/","https:\/\/www.tiktok.com\/@abrisdunord","https:\/\/www.youtube.com\/@AbrisDuNord","https:\/\/www.youtube.com\/channel\/UCsamnF8zXcX5PPwCyfzBRrQ"]}]}},"_links":{"self":[{"href":"https:\/\/abrisdunord.com\/en\/wp-json\/wp\/v2\/pages\/6998","targetHints":{"allow":["GET"]}}],"collection":[{"href":"https:\/\/abrisdunord.com\/en\/wp-json\/wp\/v2\/pages"}],"about":[{"href":"https:\/\/abrisdunord.com\/en\/wp-json\/wp\/v2\/types\/page"}],"author":[{"embeddable":true,"href":"https:\/\/abrisdunord.com\/en\/wp-json\/wp\/v2\/users\/1"}],"replies":[{"embeddable":true,"href":"https:\/\/abrisdunord.com\/en\/wp-json\/wp\/v2\/comments?post=6998"}],"version-history":[{"count":0,"href":"https:\/\/abrisdunord.com\/en\/wp-json\/wp\/v2\/pages\/6998\/revisions"}],"wp:attachment":[{"href":"https:\/\/abrisdunord.com\/en\/wp-json\/wp\/v2\/media?parent=6998"}],"curies":[{"name":"wp","href":"https:\/\/api.w.org\/{rel}","templated":true}]}}