{"id":11513,"date":"2025-03-10T15:58:45","date_gmt":"2025-03-10T19:58:45","guid":{"rendered":"https:\/\/abrisdunord.com\/?post_type=product&#038;p=11513"},"modified":"2026-01-27T15:13:31","modified_gmt":"2026-01-27T20:13:31","slug":"pergolas-viken-10x10-pergola-en-aluminium-finition-bois","status":"publish","type":"product","link":"https:\/\/abrisdunord.com\/en\/produit\/pergolas-viken-10x10-pergola-en-aluminium-finition-bois\/","title":{"rendered":"Pergolas Viken 10&#215;10 Pergola en Aluminium Finition Bois"},"content":{"rendered":"","protected":false},"excerpt":{"rendered":"<p>Profitez pleinement de votre espace ext\u00e9rieur avec notre superbe pergola Viken. Fabriqu\u00e9e avec des mat\u00e9riaux de premi\u00e8re qualit\u00e9, cette pergola est \u00e0 la fois esth\u00e9tique et fonctionnelle. Que vous recherchiez un endroit confortable pour votre d\u00e9tente ou un espace de r\u00e9ception \u00e9l\u00e9gant, notre pergola Viken est la solution id\u00e9ale. Elle permet de s\u2019adapter \u00e0 vos besoins en luminosit\u00e9 gr\u00e2ce \u00e0 ses volets qui s\u2019ouvrent et se ferment manuellement. Explorez notre collection d\u00e8s aujourd\u2019hui et transformez votre jardin en un havre de paix et de tranquillit\u00e9.<\/p>\n<ul>\n<li>Structure en aluminium robuste thermolaqu\u00e9e, prot\u00e9geant de la corrosion et de la rouille<\/li>\n<li>Toit en deux sections ind\u00e9pendantes, pour un ombrage personnalis\u00e9<\/li>\n<li>L&#8217;eau de pluie s&#8217;\u00e9coule dans les goutti\u00e8res et s&#8217;\u00e9vacue par les poteaux<\/li>\n<li>\u00c9paisseur des volets faits d\u2019acier galvanis\u00e9 : 0,7 mm<\/li>\n<li>Les persiennes s\u2019ouvrent et se ferment manuellement via une manivelle. Elles peuvent \u00eatre ouvertes et ferm\u00e9es \u00e0 volont\u00e9.<\/li>\n<\/ul>\n","protected":false},"featured_media":11514,"comment_status":"open","ping_status":"closed","template":"","meta":[],"product_brand":[],"product_cat":[130],"product_tag":[],"class_list":{"0":"post-11513","1":"product","2":"type-product","3":"status-publish","4":"has-post-thumbnail","6":"product_cat-pergola","7":"wcpa_has_options","9":"first","10":"instock","11":"sale","12":"taxable","13":"shipping-taxable","14":"purchasable","15":"product-type-simple"},"wcpa_form_fields":{"rules":{"pric_overide_base_price":false,"pric_overide_base_price_if_gt_zero":false,"pric_overide_base_price_fully":false,"pric_cal_option_once":false,"pric_use_as_fee":false,"bind_quantity":false,"quantity_bind_formula":false},"fields":[{"type":"select","elementId":"wcpa-select-1741637885425","label":"Option Moustiquaires","enablePrice":true,"priceOptions":"different_for_all","pricingType":"fixed","name":"select-1741637885425","enableCl":true,"cl_rule":"show","cl_val":"12236","operator":"or","col":6,"values":[{"label":"Sans Mousitquaires","value":"sans-moustiquaire","price":"","pimage":"","pimage_id":"","pthumb":"","selected":true},{"label":"Avec Moustiquaire 10x10","value":"avec-moustiquaire","price":"195","pimage":"","pimage_id":"","pthumb":""}],"relations":[{"operator":false,"rules":[{"operator":"or","rules":{"cl_field":"product_ids","cl_relation":"is_in","cl_val":"11513"}},{"operator":"or","rules":{"cl_field":"product_ids","cl_relation":"is_in","cl_val":"10021"}},{"operator":false,"rules":{"cl_field":"product_ids","cl_relation":"is_in","cl_val":"12236"}}]}],"price":0,"form_id":12127,"form_rules":{"pric_cal_option_once":false,"exclude_from_discount":false,"pric_use_as_fee":false,"fee_label":"Frais","render_after_acb":false,"disp_hide_options_price":false}},{"type":"select","elementId":"wcpa-select-1741638124195","label":"Option Moustiquaires","enablePrice":true,"priceOptions":"different_for_all","pricingType":"fixed","name":"select-1741638124194","enableCl":true,"cl_rule":"show","cl_val":"12239","operator":"and","col":6,"values":[{"label":"Sans Mousitquaires","value":"sans-moustiquaire","price":"","pimage":"","pimage_id":"","pthumb":""},{"label":"Avec Moustiquaire 10x13","value":"avec-moustiquaire","price":"225","pimage":"","pimage_id":"","pthumb":""}],"relations":[{"operator":false,"rules":[{"operator":"and","rules":{"cl_field":"product_ids","cl_relation":"is_in","cl_val":"10046"}},{"operator":false,"rules":{"cl_field":"product_ids","cl_relation":"is_in","cl_val":"12239"}}]}],"price":0,"form_id":12127,"form_rules":{"pric_cal_option_once":false,"exclude_from_discount":false,"pric_use_as_fee":false,"fee_label":"Frais","render_after_acb":false,"disp_hide_options_price":false}},{"type":"select","elementId":"wcpa-select-1741637044573","label":"Option Rideaux d'intimit\u00e9","enablePrice":true,"priceOptions":"different_for_all","pricingType":"fixed","name":"select-1741637044573","enableCl":true,"cl_rule":"show","cl_val":"12236 ","operator":"or","col":6,"values":[{"label":"Sans Rideaux d'intimit\u00e9 ","value":"sans-rideau","price":"","pimage":"","pimage_id":"","pthumb":""},{"label":"Avec Rideaux d'intimit\u00e9 10x10","value":"Avec-Rideaux","price":"270","pimage":"","pimage_id":"","pthumb":""}],"relations":[{"operator":false,"rules":[{"operator":"or","rules":{"cl_field":"product_ids","cl_relation":"is_in","cl_val":"11442"}},{"operator":"or","rules":{"cl_field":"product_ids","cl_relation":"is_in","cl_val":"11513"}},{"operator":false,"rules":{"cl_field":"product_ids","cl_relation":"is_in","cl_val":"12236 "}}]}],"price":0,"form_id":12128,"form_rules":{"pric_cal_option_once":false,"exclude_from_discount":false,"pric_use_as_fee":false,"fee_label":"Frais","render_after_acb":false,"disp_hide_options_price":false}},{"type":"select","elementId":"wcpa-select-1741637270913","label":"Option Rideaux d'intimit\u00e9","enablePrice":true,"priceOptions":"different_for_all","pricingType":"fixed","name":"select-1741637270912","enableCl":true,"cl_rule":"show","cl_val":"9960","col":6,"values":[{"label":"Sans Rideaux d'intimit\u00e9 ","value":"sans-rideau","price":"","pimage":"","pimage_id":"","pthumb":""},{"label":"Avec Rideaux d'intimit\u00e9 10x12","value":"Avec-Rideaux","price":"320","pimage":"","pimage_id":"","pthumb":""}],"relations":[{"operator":false,"rules":[{"operator":false,"rules":{"cl_field":"product_ids","cl_relation":"is_in","cl_val":"9960"}}]}],"price":0,"form_id":12128,"form_rules":{"pric_cal_option_once":false,"exclude_from_discount":false,"pric_use_as_fee":false,"fee_label":"Frais","render_after_acb":false,"disp_hide_options_price":false}},{"type":"select","elementId":"wcpa-select-1741637359606","label":"Option Rideaux d'intimit\u00e9","enablePrice":true,"priceOptions":"different_for_all","pricingType":"fixed","name":"select-1741637359605","enableCl":true,"cl_rule":"show","cl_val":"11480","col":6,"values":[{"label":"Sans Rideaux d'intimit\u00e9 ","value":"sans-rideau","price":"","pimage":"","pimage_id":"","pthumb":""},{"label":"Avec Rideaux d'intimit\u00e9 12x16","value":"Avec-Rideaux","price":"360","pimage":"","pimage_id":"","pthumb":""}],"relations":[{"operator":false,"rules":[{"operator":false,"rules":{"cl_field":"product_ids","cl_relation":"is_in","cl_val":"11480"}}]}],"price":0,"form_id":12128,"form_rules":{"pric_cal_option_once":false,"exclude_from_discount":false,"pric_use_as_fee":false,"fee_label":"Frais","render_after_acb":false,"disp_hide_options_price":false}},{"type":"select","elementId":"wcpa-select-1741637482513","label":"Option Rideaux d'intimit\u00e9","enablePrice":true,"priceOptions":"different_for_all","pricingType":"fixed","name":"select-1741637482512","enableCl":true,"cl_rule":"show","cl_val":"12236 ","operator":"and","col":6,"values":[{"label":"Sans Rideaux d'intimit\u00e9 ","value":"sans-rideau","price":"","pimage":"","pimage_id":"","pthumb":""},{"label":"Avec Rideaux d'intimit\u00e9 10x10","value":"Avec-Rideaux","price":"295","pimage":"","pimage_id":"","pthumb":""}],"relations":[{"operator":false,"rules":[{"operator":"or","rules":{"cl_field":"product_ids","cl_relation":"is_in","cl_val":"10021"}},{"operator":"and","rules":{"cl_field":"product_ids","cl_relation":"is_in","cl_val":"11513"}},{"operator":false,"rules":{"cl_field":"product_ids","cl_relation":"is_in","cl_val":"12236 "}}]}],"price":0,"form_id":12128,"form_rules":{"pric_cal_option_once":false,"exclude_from_discount":false,"pric_use_as_fee":false,"fee_label":"Frais","render_after_acb":false,"disp_hide_options_price":false}},{"type":"select","elementId":"wcpa-select-1741637559254","label":"Option Rideaux d'intimit\u00e9","enablePrice":true,"priceOptions":"different_for_all","pricingType":"fixed","name":"select-1741637559253","enableCl":true,"cl_rule":"show","cl_val":"12239","operator":"and","col":6,"values":[{"label":"Sans Rideaux d'intimit\u00e9 ","value":"sans-rideau","price":"","pimage":"","pimage_id":"","pthumb":"","selected":true},{"label":"Avec Rideaux d'intimit\u00e9 10x13","value":"Avec-Rideaux","price":"335","pimage":"","pimage_id":"","pthumb":""}],"relations":[{"operator":false,"rules":[{"operator":"and","rules":{"cl_field":"product_ids","cl_relation":"is_in","cl_val":"10046"}},{"operator":false,"rules":{"cl_field":"product_ids","cl_relation":"is_in","cl_val":"12239"}}]}],"price":0,"form_id":12128,"form_rules":{"pric_cal_option_once":false,"exclude_from_discount":false,"pric_use_as_fee":false,"fee_label":"Frais","render_after_acb":false,"disp_hide_options_price":false}}]},"yoast_head":"<!-- This site is optimized with the Yoast SEO plugin v26.1.1 - https:\/\/yoast.com\/wordpress\/plugins\/seo\/ -->\n<title>Pergolas Viken 10x10 Pergola en Aluminium Finition Bois - Abris Du Nord<\/title>\n<meta name=\"robots\" content=\"index, follow, max-snippet:-1, max-image-preview:large, max-video-preview:-1\" \/>\n<link rel=\"canonical\" href=\"https:\/\/abrisdunord.com\/en\/produit\/pergolas-viken-10x10-pergola-en-aluminium-finition-bois\/\" \/>\n<meta property=\"og:locale\" content=\"en_US\" \/>\n<meta property=\"og:type\" content=\"article\" \/>\n<meta property=\"og:title\" content=\"Pergolas Viken 10x10 Pergola en Aluminium Finition Bois - Abris Du Nord\" \/>\n<meta property=\"og:description\" content=\"Profitez pleinement de votre espace ext\u00e9rieur avec notre superbe pergola Viken. Fabriqu\u00e9e avec des mat\u00e9riaux de premi\u00e8re qualit\u00e9, cette pergola est \u00e0 la fois esth\u00e9tique et fonctionnelle. Que vous recherchiez un endroit confortable pour votre d\u00e9tente ou un espace de r\u00e9ception \u00e9l\u00e9gant, notre pergola Viken est la solution id\u00e9ale. Elle permet de s\u2019adapter \u00e0 vos besoins en luminosit\u00e9 gr\u00e2ce \u00e0 ses volets qui s\u2019ouvrent et se ferment manuellement. Explorez notre collection d\u00e8s aujourd\u2019hui et transformez votre jardin en un havre de paix et de tranquillit\u00e9.   Structure en aluminium robuste thermolaqu\u00e9e, prot\u00e9geant de la corrosion et de la rouille  Toit en deux sections ind\u00e9pendantes, pour un ombrage personnalis\u00e9  L&#039;eau de pluie s&#039;\u00e9coule dans les goutti\u00e8res et s&#039;\u00e9vacue par les poteaux  \u00c9paisseur des volets faits d\u2019acier galvanis\u00e9 : 0,7 mm  Les persiennes s\u2019ouvrent et se ferment manuellement via une manivelle. Elles peuvent \u00eatre ouvertes et ferm\u00e9es \u00e0 volont\u00e9.\" \/>\n<meta property=\"og:url\" content=\"https:\/\/abrisdunord.com\/en\/produit\/pergolas-viken-10x10-pergola-en-aluminium-finition-bois\/\" \/>\n<meta property=\"og:site_name\" content=\"Abris Du Nord\" \/>\n<meta property=\"article:publisher\" content=\"https:\/\/www.facebook.com\/abrisdunord\" \/>\n<meta property=\"article:modified_time\" content=\"2026-01-27T20:13:31+00:00\" \/>\n<meta property=\"og:image\" content=\"https:\/\/abrisdunord.com\/wp-content\/uploads\/2025\/03\/PA1010-W118-silo.jpg\" \/>\n\t<meta property=\"og:image:width\" content=\"2000\" \/>\n\t<meta property=\"og:image:height\" content=\"1500\" \/>\n\t<meta property=\"og:image:type\" content=\"image\/jpeg\" \/>\n<meta name=\"twitter:card\" content=\"summary_large_image\" \/>\n<meta name=\"twitter:label1\" content=\"Est. reading time\" \/>\n\t<meta name=\"twitter:data1\" content=\"1 minute\" \/>\n<script type=\"application\/ld+json\" class=\"yoast-schema-graph\">{\"@context\":\"https:\/\/schema.org\",\"@graph\":[{\"@type\":\"WebPage\",\"@id\":\"https:\/\/abrisdunord.com\/en\/produit\/pergolas-viken-10x10-pergola-en-aluminium-finition-bois\/\",\"url\":\"https:\/\/abrisdunord.com\/en\/produit\/pergolas-viken-10x10-pergola-en-aluminium-finition-bois\/\",\"name\":\"Pergolas Viken 10x10 Pergola en Aluminium Finition Bois - Abris Du Nord\",\"isPartOf\":{\"@id\":\"https:\/\/abrisdunord.com\/en\/#website\"},\"primaryImageOfPage\":{\"@id\":\"https:\/\/abrisdunord.com\/en\/produit\/pergolas-viken-10x10-pergola-en-aluminium-finition-bois\/#primaryimage\"},\"image\":{\"@id\":\"https:\/\/abrisdunord.com\/en\/produit\/pergolas-viken-10x10-pergola-en-aluminium-finition-bois\/#primaryimage\"},\"thumbnailUrl\":\"https:\/\/abrisdunord.com\/wp-content\/uploads\/2025\/03\/PA1010-W118-silo.jpg\",\"datePublished\":\"2025-03-10T19:58:45+00:00\",\"dateModified\":\"2026-01-27T20:13:31+00:00\",\"breadcrumb\":{\"@id\":\"https:\/\/abrisdunord.com\/en\/produit\/pergolas-viken-10x10-pergola-en-aluminium-finition-bois\/#breadcrumb\"},\"inLanguage\":\"en-US\",\"potentialAction\":[{\"@type\":\"ReadAction\",\"target\":[\"https:\/\/abrisdunord.com\/en\/produit\/pergolas-viken-10x10-pergola-en-aluminium-finition-bois\/\"]}]},{\"@type\":\"ImageObject\",\"inLanguage\":\"en-US\",\"@id\":\"https:\/\/abrisdunord.com\/en\/produit\/pergolas-viken-10x10-pergola-en-aluminium-finition-bois\/#primaryimage\",\"url\":\"https:\/\/abrisdunord.com\/wp-content\/uploads\/2025\/03\/PA1010-W118-silo.jpg\",\"contentUrl\":\"https:\/\/abrisdunord.com\/wp-content\/uploads\/2025\/03\/PA1010-W118-silo.jpg\",\"width\":2000,\"height\":1500},{\"@type\":\"BreadcrumbList\",\"@id\":\"https:\/\/abrisdunord.com\/en\/produit\/pergolas-viken-10x10-pergola-en-aluminium-finition-bois\/#breadcrumb\",\"itemListElement\":[{\"@type\":\"ListItem\",\"position\":1,\"name\":\"Accueil\",\"item\":\"https:\/\/abrisdunord.com\/en\/\"},{\"@type\":\"ListItem\",\"position\":2,\"name\":\"Shop\",\"item\":\"https:\/\/abrisdunord.com\/en\/shop-2\/\"},{\"@type\":\"ListItem\",\"position\":3,\"name\":\"Pergolas Viken 10&#215;10 Pergola en Aluminium Finition Bois\"}]},{\"@type\":\"WebSite\",\"@id\":\"https:\/\/abrisdunord.com\/en\/#website\",\"url\":\"https:\/\/abrisdunord.com\/en\/\",\"name\":\"Abris Du Nord\",\"description\":\"Location et vente d&#039;abris de tout genre\",\"publisher\":{\"@id\":\"https:\/\/abrisdunord.com\/en\/#organization\"},\"potentialAction\":[{\"@type\":\"SearchAction\",\"target\":{\"@type\":\"EntryPoint\",\"urlTemplate\":\"https:\/\/abrisdunord.com\/en\/?s={search_term_string}\"},\"query-input\":{\"@type\":\"PropertyValueSpecification\",\"valueRequired\":true,\"valueName\":\"search_term_string\"}}],\"inLanguage\":\"en-US\"},{\"@type\":\"Organization\",\"@id\":\"https:\/\/abrisdunord.com\/en\/#organization\",\"name\":\"Abris Du Nord\",\"url\":\"https:\/\/abrisdunord.com\/en\/\",\"logo\":{\"@type\":\"ImageObject\",\"inLanguage\":\"en-US\",\"@id\":\"https:\/\/abrisdunord.com\/en\/#\/schema\/logo\/image\/\",\"url\":\"https:\/\/abrisdunord.com\/wp-content\/uploads\/2022\/07\/Abris-du-nord-logo-web-noir-hd.png\",\"contentUrl\":\"https:\/\/abrisdunord.com\/wp-content\/uploads\/2022\/07\/Abris-du-nord-logo-web-noir-hd.png\",\"width\":375,\"height\":300,\"caption\":\"Abris Du Nord\"},\"image\":{\"@id\":\"https:\/\/abrisdunord.com\/en\/#\/schema\/logo\/image\/\"},\"sameAs\":[\"https:\/\/www.facebook.com\/abrisdunord\"]}]}<\/script>\n<!-- \/ Yoast SEO plugin. -->","yoast_head_json":{"title":"Pergolas Viken 10x10 Pergola en Aluminium Finition Bois - Abris Du Nord","robots":{"index":"index","follow":"follow","max-snippet":"max-snippet:-1","max-image-preview":"max-image-preview:large","max-video-preview":"max-video-preview:-1"},"canonical":"https:\/\/abrisdunord.com\/en\/produit\/pergolas-viken-10x10-pergola-en-aluminium-finition-bois\/","og_locale":"en_US","og_type":"article","og_title":"Pergolas Viken 10x10 Pergola en Aluminium Finition Bois - Abris Du Nord","og_description":"Profitez pleinement de votre espace ext\u00e9rieur avec notre superbe pergola Viken. Fabriqu\u00e9e avec des mat\u00e9riaux de premi\u00e8re qualit\u00e9, cette pergola est \u00e0 la fois esth\u00e9tique et fonctionnelle. Que vous recherchiez un endroit confortable pour votre d\u00e9tente ou un espace de r\u00e9ception \u00e9l\u00e9gant, notre pergola Viken est la solution id\u00e9ale. Elle permet de s\u2019adapter \u00e0 vos besoins en luminosit\u00e9 gr\u00e2ce \u00e0 ses volets qui s\u2019ouvrent et se ferment manuellement. Explorez notre collection d\u00e8s aujourd\u2019hui et transformez votre jardin en un havre de paix et de tranquillit\u00e9.   Structure en aluminium robuste thermolaqu\u00e9e, prot\u00e9geant de la corrosion et de la rouille  Toit en deux sections ind\u00e9pendantes, pour un ombrage personnalis\u00e9  L'eau de pluie s'\u00e9coule dans les goutti\u00e8res et s'\u00e9vacue par les poteaux  \u00c9paisseur des volets faits d\u2019acier galvanis\u00e9 : 0,7 mm  Les persiennes s\u2019ouvrent et se ferment manuellement via une manivelle. Elles peuvent \u00eatre ouvertes et ferm\u00e9es \u00e0 volont\u00e9.","og_url":"https:\/\/abrisdunord.com\/en\/produit\/pergolas-viken-10x10-pergola-en-aluminium-finition-bois\/","og_site_name":"Abris Du Nord","article_publisher":"https:\/\/www.facebook.com\/abrisdunord","article_modified_time":"2026-01-27T20:13:31+00:00","og_image":[{"width":2000,"height":1500,"url":"https:\/\/abrisdunord.com\/wp-content\/uploads\/2025\/03\/PA1010-W118-silo.jpg","type":"image\/jpeg"}],"twitter_card":"summary_large_image","twitter_misc":{"Est. reading time":"1 minute"},"schema":{"@context":"https:\/\/schema.org","@graph":[{"@type":"WebPage","@id":"https:\/\/abrisdunord.com\/en\/produit\/pergolas-viken-10x10-pergola-en-aluminium-finition-bois\/","url":"https:\/\/abrisdunord.com\/en\/produit\/pergolas-viken-10x10-pergola-en-aluminium-finition-bois\/","name":"Pergolas Viken 10x10 Pergola en Aluminium Finition Bois - Abris Du Nord","isPartOf":{"@id":"https:\/\/abrisdunord.com\/en\/#website"},"primaryImageOfPage":{"@id":"https:\/\/abrisdunord.com\/en\/produit\/pergolas-viken-10x10-pergola-en-aluminium-finition-bois\/#primaryimage"},"image":{"@id":"https:\/\/abrisdunord.com\/en\/produit\/pergolas-viken-10x10-pergola-en-aluminium-finition-bois\/#primaryimage"},"thumbnailUrl":"https:\/\/abrisdunord.com\/wp-content\/uploads\/2025\/03\/PA1010-W118-silo.jpg","datePublished":"2025-03-10T19:58:45+00:00","dateModified":"2026-01-27T20:13:31+00:00","breadcrumb":{"@id":"https:\/\/abrisdunord.com\/en\/produit\/pergolas-viken-10x10-pergola-en-aluminium-finition-bois\/#breadcrumb"},"inLanguage":"en-US","potentialAction":[{"@type":"ReadAction","target":["https:\/\/abrisdunord.com\/en\/produit\/pergolas-viken-10x10-pergola-en-aluminium-finition-bois\/"]}]},{"@type":"ImageObject","inLanguage":"en-US","@id":"https:\/\/abrisdunord.com\/en\/produit\/pergolas-viken-10x10-pergola-en-aluminium-finition-bois\/#primaryimage","url":"https:\/\/abrisdunord.com\/wp-content\/uploads\/2025\/03\/PA1010-W118-silo.jpg","contentUrl":"https:\/\/abrisdunord.com\/wp-content\/uploads\/2025\/03\/PA1010-W118-silo.jpg","width":2000,"height":1500},{"@type":"BreadcrumbList","@id":"https:\/\/abrisdunord.com\/en\/produit\/pergolas-viken-10x10-pergola-en-aluminium-finition-bois\/#breadcrumb","itemListElement":[{"@type":"ListItem","position":1,"name":"Accueil","item":"https:\/\/abrisdunord.com\/en\/"},{"@type":"ListItem","position":2,"name":"Shop","item":"https:\/\/abrisdunord.com\/en\/shop-2\/"},{"@type":"ListItem","position":3,"name":"Pergolas Viken 10&#215;10 Pergola en Aluminium Finition Bois"}]},{"@type":"WebSite","@id":"https:\/\/abrisdunord.com\/en\/#website","url":"https:\/\/abrisdunord.com\/en\/","name":"Abris Du Nord","description":"Location et vente d&#039;abris de tout genre","publisher":{"@id":"https:\/\/abrisdunord.com\/en\/#organization"},"potentialAction":[{"@type":"SearchAction","target":{"@type":"EntryPoint","urlTemplate":"https:\/\/abrisdunord.com\/en\/?s={search_term_string}"},"query-input":{"@type":"PropertyValueSpecification","valueRequired":true,"valueName":"search_term_string"}}],"inLanguage":"en-US"},{"@type":"Organization","@id":"https:\/\/abrisdunord.com\/en\/#organization","name":"Abris Du Nord","url":"https:\/\/abrisdunord.com\/en\/","logo":{"@type":"ImageObject","inLanguage":"en-US","@id":"https:\/\/abrisdunord.com\/en\/#\/schema\/logo\/image\/","url":"https:\/\/abrisdunord.com\/wp-content\/uploads\/2022\/07\/Abris-du-nord-logo-web-noir-hd.png","contentUrl":"https:\/\/abrisdunord.com\/wp-content\/uploads\/2022\/07\/Abris-du-nord-logo-web-noir-hd.png","width":375,"height":300,"caption":"Abris Du Nord"},"image":{"@id":"https:\/\/abrisdunord.com\/en\/#\/schema\/logo\/image\/"},"sameAs":["https:\/\/www.facebook.com\/abrisdunord"]}]}},"_links":{"self":[{"href":"https:\/\/abrisdunord.com\/en\/wp-json\/wp\/v2\/product\/11513","targetHints":{"allow":["GET"]}}],"collection":[{"href":"https:\/\/abrisdunord.com\/en\/wp-json\/wp\/v2\/product"}],"about":[{"href":"https:\/\/abrisdunord.com\/en\/wp-json\/wp\/v2\/types\/product"}],"replies":[{"embeddable":true,"href":"https:\/\/abrisdunord.com\/en\/wp-json\/wp\/v2\/comments?post=11513"}],"wp:featuredmedia":[{"embeddable":true,"href":"https:\/\/abrisdunord.com\/en\/wp-json\/wp\/v2\/media\/11514"}],"wp:attachment":[{"href":"https:\/\/abrisdunord.com\/en\/wp-json\/wp\/v2\/media?parent=11513"}],"wp:term":[{"taxonomy":"product_brand","embeddable":true,"href":"https:\/\/abrisdunord.com\/en\/wp-json\/wp\/v2\/product_brand?post=11513"},{"taxonomy":"product_cat","embeddable":true,"href":"https:\/\/abrisdunord.com\/en\/wp-json\/wp\/v2\/product_cat?post=11513"},{"taxonomy":"product_tag","embeddable":true,"href":"https:\/\/abrisdunord.com\/en\/wp-json\/wp\/v2\/product_tag?post=11513"}],"curies":[{"name":"wp","href":"https:\/\/api.w.org\/{rel}","templated":true}]}}