{"id":6781,"date":"2026-05-07T00:45:40","date_gmt":"2026-05-07T04:45:40","guid":{"rendered":"https:\/\/abrisdunord.com\/produit\/single-car-shelter-rental\/"},"modified":"2026-05-07T00:45:40","modified_gmt":"2026-05-07T04:45:40","slug":"single-car-shelter-rental","status":"publish","type":"product","link":"https:\/\/abrisdunord.com\/en\/produit\/single-car-shelter-rental\/","title":{"rendered":"Single Car Shelter Rental"},"content":{"rendered":"","protected":false},"excerpt":{"rendered":"<p>The car shelter rental includes<\/p>\n<ul>\n<li>installation,<\/li>\n<li>removal,<\/li>\n<li>yearly shelter storage.<\/li>\n<\/ul>\n<p>We strongly offer and recommend the installation of permanent anchors in asphalt or paving stones. Otherwise, we have temporary spikes and rods for gravel and grass, but they do not guarantee wind protection.<\/p>\n<p><em>*We offer all possible sizes in 4-foot sections.<\/em><\/p>\n<p><strong>11-foot wide shelter<\/strong><\/p>\n<ul>\n<li>Clear height at entry: 6&#8217;6&#8243;<\/li>\n<li>Overall height: 8&#8242;<\/li>\n<li>Cover: Woven polyethylene, 240 g\/m\u00b2<\/li>\n<li>UV protection E.V.S. Stays flexible in cold winter weather.<\/li>\n<li>Color: White<\/li>\n<li>Arch spacing: 4&#8242;<\/li>\n<li>Arches and frame: Galvanized steel 18 GA 1\u00bc&#8221; round tube<\/li>\n<li>Windows on each side of the shelter for blind spots<\/li>\n<li>Doors at both ends of the shelter included<\/li>\n<li>Foot pads\/paving protectors included<\/li>\n<li>Premium 1st-quality strap system to attach cover to frame \u2014 no ropes needed.<\/li>\n<\/ul>\n<p><em>*5-year warranty on manufacturing defects of the shelter frame and cover.<\/em><\/p>\n","protected":false},"featured_media":1233,"comment_status":"","ping_status":"closed","template":"","meta":[],"product_brand":[],"product_cat":[181,16],"product_tag":[],"class_list":{"0":"post-6781","1":"product","2":"type-product","3":"status-publish","4":"has-post-thumbnail","6":"product_cat-abris-auto-rangement","7":"product_cat-location-abris","9":"first","10":"instock","11":"taxable","12":"shipping-taxable","13":"purchasable","14":"product-type-variable","15":"rtwpvs-product"},"yoast_head":"<!-- This site is optimized with the Yoast SEO plugin v27.4 - https:\/\/yoast.com\/product\/yoast-seo-wordpress\/ -->\n<title>Single Car Shelter Rental - Abris Du Nord<\/title>\n<meta name=\"robots\" content=\"index, follow, max-snippet:-1, max-image-preview:large, max-video-preview:-1\" \/>\n<link rel=\"canonical\" href=\"https:\/\/abrisdunord.com\/en\/produit\/single-car-shelter-rental\/\" \/>\n<meta property=\"og:locale\" content=\"en_US\" \/>\n<meta property=\"og:type\" content=\"article\" \/>\n<meta property=\"og:title\" content=\"Single Car Shelter Rental - Abris Du Nord\" \/>\n<meta property=\"og:description\" content=\"The car shelter rental includes  installation, removal, yearly shelter storage. We strongly offer and recommend the installation of permanent anchors in asphalt or paving stones. Otherwise, we have temporary spikes and rods for gravel and grass, but they do not guarantee wind protection. *We offer all possible sizes in 4-foot sections. 11-foot wide shelter  Clear height at entry: 6&#039;6&quot; Overall height: 8&#039; Cover: Woven polyethylene, 240 g\/m\u00b2 UV protection E.V.S. Stays flexible in cold winter weather. Color: White Arch spacing: 4&#039; Arches and frame: Galvanized steel 18 GA 1\u00bc&quot; round tube Windows on each side of the shelter for blind spots Doors at both ends of the shelter included Foot pads\/paving protectors included Premium 1st-quality strap system to attach cover to frame \u2014 no ropes needed. *5-year warranty on manufacturing defects of the shelter frame and cover.\" \/>\n<meta property=\"og:url\" content=\"https:\/\/abrisdunord.com\/en\/produit\/single-car-shelter-rental\/\" \/>\n<meta property=\"og:site_name\" content=\"Abris Du Nord\" \/>\n<meta property=\"article:publisher\" content=\"https:\/\/www.facebook.com\/abrisdunord\" \/>\n<meta name=\"twitter:card\" content=\"summary_large_image\" \/>\n<script type=\"application\/ld+json\" class=\"yoast-schema-graph\">{\"@context\":\"https:\\\/\\\/schema.org\",\"@graph\":[{\"@type\":\"WebPage\",\"@id\":\"https:\\\/\\\/abrisdunord.com\\\/en\\\/produit\\\/single-car-shelter-rental\\\/\",\"url\":\"https:\\\/\\\/abrisdunord.com\\\/en\\\/produit\\\/single-car-shelter-rental\\\/\",\"name\":\"Single Car Shelter Rental - Abris Du Nord\",\"isPartOf\":{\"@id\":\"https:\\\/\\\/abrisdunord.com\\\/en\\\/#website\"},\"primaryImageOfPage\":{\"@id\":\"https:\\\/\\\/abrisdunord.com\\\/en\\\/produit\\\/single-car-shelter-rental\\\/#primaryimage\"},\"image\":{\"@id\":\"https:\\\/\\\/abrisdunord.com\\\/en\\\/produit\\\/single-car-shelter-rental\\\/#primaryimage\"},\"thumbnailUrl\":\"https:\\\/\\\/abrisdunord.com\\\/wp-content\\\/uploads\\\/2026\\\/01\\\/abris-du-nord-produits-abris-11x24-1.jpg\",\"datePublished\":\"2026-05-07T04:45:40+00:00\",\"breadcrumb\":{\"@id\":\"https:\\\/\\\/abrisdunord.com\\\/en\\\/produit\\\/single-car-shelter-rental\\\/#breadcrumb\"},\"inLanguage\":\"en-US\",\"potentialAction\":[{\"@type\":\"ReadAction\",\"target\":[\"https:\\\/\\\/abrisdunord.com\\\/en\\\/produit\\\/single-car-shelter-rental\\\/\"]}]},{\"@type\":\"ImageObject\",\"inLanguage\":\"en-US\",\"@id\":\"https:\\\/\\\/abrisdunord.com\\\/en\\\/produit\\\/single-car-shelter-rental\\\/#primaryimage\",\"url\":\"https:\\\/\\\/abrisdunord.com\\\/wp-content\\\/uploads\\\/2026\\\/01\\\/abris-du-nord-produits-abris-11x24-1.jpg\",\"contentUrl\":\"https:\\\/\\\/abrisdunord.com\\\/wp-content\\\/uploads\\\/2026\\\/01\\\/abris-du-nord-produits-abris-11x24-1.jpg\",\"width\":1200,\"height\":1200,\"caption\":\"Abris d'auto simple - Vue 3 - Abris du Nord\"},{\"@type\":\"BreadcrumbList\",\"@id\":\"https:\\\/\\\/abrisdunord.com\\\/en\\\/produit\\\/single-car-shelter-rental\\\/#breadcrumb\",\"itemListElement\":[{\"@type\":\"ListItem\",\"position\":1,\"name\":\"Accueil\",\"item\":\"https:\\\/\\\/abrisdunord.com\\\/en\\\/\"},{\"@type\":\"ListItem\",\"position\":2,\"name\":\"Shop\",\"item\":\"https:\\\/\\\/abrisdunord.com\\\/boutique\\\/\"},{\"@type\":\"ListItem\",\"position\":3,\"name\":\"Single Car Shelter Rental\"}]},{\"@type\":\"WebSite\",\"@id\":\"https:\\\/\\\/abrisdunord.com\\\/en\\\/#website\",\"url\":\"https:\\\/\\\/abrisdunord.com\\\/en\\\/\",\"name\":\"Abris Du Nord | Solarium | Pergolas | Mobilier de jardin | Et plus\",\"description\":\"Car Shelters | Sunrooms | Pergolas | Gazebos\",\"publisher\":{\"@id\":\"https:\\\/\\\/abrisdunord.com\\\/en\\\/#organization\"},\"potentialAction\":[{\"@type\":\"SearchAction\",\"target\":{\"@type\":\"EntryPoint\",\"urlTemplate\":\"https:\\\/\\\/abrisdunord.com\\\/en\\\/?s={search_term_string}\"},\"query-input\":{\"@type\":\"PropertyValueSpecification\",\"valueRequired\":true,\"valueName\":\"search_term_string\"}}],\"inLanguage\":\"en-US\"},{\"@type\":\"Organization\",\"@id\":\"https:\\\/\\\/abrisdunord.com\\\/en\\\/#organization\",\"name\":\"Abris Du Nord\",\"url\":\"https:\\\/\\\/abrisdunord.com\\\/en\\\/\",\"logo\":{\"@type\":\"ImageObject\",\"inLanguage\":\"en-US\",\"@id\":\"https:\\\/\\\/abrisdunord.com\\\/en\\\/#\\\/schema\\\/logo\\\/image\\\/\",\"url\":\"https:\\\/\\\/abrisdunord.com\\\/wp-content\\\/uploads\\\/2026\\\/02\\\/Logo-site-fonce.svg\",\"contentUrl\":\"https:\\\/\\\/abrisdunord.com\\\/wp-content\\\/uploads\\\/2026\\\/02\\\/Logo-site-fonce.svg\",\"width\":239,\"height\":206,\"caption\":\"Abris Du Nord\"},\"image\":{\"@id\":\"https:\\\/\\\/abrisdunord.com\\\/en\\\/#\\\/schema\\\/logo\\\/image\\\/\"},\"sameAs\":[\"https:\\\/\\\/www.facebook.com\\\/abrisdunord\",\"https:\\\/\\\/www.instagram.com\\\/abrisdunord\\\/\",\"https:\\\/\\\/www.tiktok.com\\\/@abrisdunord\",\"https:\\\/\\\/www.youtube.com\\\/@AbrisDuNord\",\"https:\\\/\\\/www.youtube.com\\\/channel\\\/UCsamnF8zXcX5PPwCyfzBRrQ\"]}]}<\/script>\n<!-- \/ Yoast SEO plugin. -->","yoast_head_json":{"title":"Single Car Shelter Rental - Abris Du Nord","robots":{"index":"index","follow":"follow","max-snippet":"max-snippet:-1","max-image-preview":"max-image-preview:large","max-video-preview":"max-video-preview:-1"},"canonical":"https:\/\/abrisdunord.com\/en\/produit\/single-car-shelter-rental\/","og_locale":"en_US","og_type":"article","og_title":"Single Car Shelter Rental - Abris Du Nord","og_description":"The car shelter rental includes  installation, removal, yearly shelter storage. We strongly offer and recommend the installation of permanent anchors in asphalt or paving stones. Otherwise, we have temporary spikes and rods for gravel and grass, but they do not guarantee wind protection. *We offer all possible sizes in 4-foot sections. 11-foot wide shelter  Clear height at entry: 6'6\" Overall height: 8' Cover: Woven polyethylene, 240 g\/m\u00b2 UV protection E.V.S. Stays flexible in cold winter weather. Color: White Arch spacing: 4' Arches and frame: Galvanized steel 18 GA 1\u00bc\" round tube Windows on each side of the shelter for blind spots Doors at both ends of the shelter included Foot pads\/paving protectors included Premium 1st-quality strap system to attach cover to frame \u2014 no ropes needed. *5-year warranty on manufacturing defects of the shelter frame and cover.","og_url":"https:\/\/abrisdunord.com\/en\/produit\/single-car-shelter-rental\/","og_site_name":"Abris Du Nord","article_publisher":"https:\/\/www.facebook.com\/abrisdunord","twitter_card":"summary_large_image","schema":{"@context":"https:\/\/schema.org","@graph":[{"@type":"WebPage","@id":"https:\/\/abrisdunord.com\/en\/produit\/single-car-shelter-rental\/","url":"https:\/\/abrisdunord.com\/en\/produit\/single-car-shelter-rental\/","name":"Single Car Shelter Rental - Abris Du Nord","isPartOf":{"@id":"https:\/\/abrisdunord.com\/en\/#website"},"primaryImageOfPage":{"@id":"https:\/\/abrisdunord.com\/en\/produit\/single-car-shelter-rental\/#primaryimage"},"image":{"@id":"https:\/\/abrisdunord.com\/en\/produit\/single-car-shelter-rental\/#primaryimage"},"thumbnailUrl":"https:\/\/abrisdunord.com\/wp-content\/uploads\/2026\/01\/abris-du-nord-produits-abris-11x24-1.jpg","datePublished":"2026-05-07T04:45:40+00:00","breadcrumb":{"@id":"https:\/\/abrisdunord.com\/en\/produit\/single-car-shelter-rental\/#breadcrumb"},"inLanguage":"en-US","potentialAction":[{"@type":"ReadAction","target":["https:\/\/abrisdunord.com\/en\/produit\/single-car-shelter-rental\/"]}]},{"@type":"ImageObject","inLanguage":"en-US","@id":"https:\/\/abrisdunord.com\/en\/produit\/single-car-shelter-rental\/#primaryimage","url":"https:\/\/abrisdunord.com\/wp-content\/uploads\/2026\/01\/abris-du-nord-produits-abris-11x24-1.jpg","contentUrl":"https:\/\/abrisdunord.com\/wp-content\/uploads\/2026\/01\/abris-du-nord-produits-abris-11x24-1.jpg","width":1200,"height":1200,"caption":"Abris d'auto simple - Vue 3 - Abris du Nord"},{"@type":"BreadcrumbList","@id":"https:\/\/abrisdunord.com\/en\/produit\/single-car-shelter-rental\/#breadcrumb","itemListElement":[{"@type":"ListItem","position":1,"name":"Accueil","item":"https:\/\/abrisdunord.com\/en\/"},{"@type":"ListItem","position":2,"name":"Shop","item":"https:\/\/abrisdunord.com\/boutique\/"},{"@type":"ListItem","position":3,"name":"Single Car Shelter Rental"}]},{"@type":"WebSite","@id":"https:\/\/abrisdunord.com\/en\/#website","url":"https:\/\/abrisdunord.com\/en\/","name":"Abris Du Nord | Solarium | Pergolas | Mobilier de jardin | Et plus","description":"Car Shelters | Sunrooms | Pergolas | Gazebos","publisher":{"@id":"https:\/\/abrisdunord.com\/en\/#organization"},"potentialAction":[{"@type":"SearchAction","target":{"@type":"EntryPoint","urlTemplate":"https:\/\/abrisdunord.com\/en\/?s={search_term_string}"},"query-input":{"@type":"PropertyValueSpecification","valueRequired":true,"valueName":"search_term_string"}}],"inLanguage":"en-US"},{"@type":"Organization","@id":"https:\/\/abrisdunord.com\/en\/#organization","name":"Abris Du Nord","url":"https:\/\/abrisdunord.com\/en\/","logo":{"@type":"ImageObject","inLanguage":"en-US","@id":"https:\/\/abrisdunord.com\/en\/#\/schema\/logo\/image\/","url":"https:\/\/abrisdunord.com\/wp-content\/uploads\/2026\/02\/Logo-site-fonce.svg","contentUrl":"https:\/\/abrisdunord.com\/wp-content\/uploads\/2026\/02\/Logo-site-fonce.svg","width":239,"height":206,"caption":"Abris Du Nord"},"image":{"@id":"https:\/\/abrisdunord.com\/en\/#\/schema\/logo\/image\/"},"sameAs":["https:\/\/www.facebook.com\/abrisdunord","https:\/\/www.instagram.com\/abrisdunord\/","https:\/\/www.tiktok.com\/@abrisdunord","https:\/\/www.youtube.com\/@AbrisDuNord","https:\/\/www.youtube.com\/channel\/UCsamnF8zXcX5PPwCyfzBRrQ"]}]}},"wcpa_form_fields":{"wcpaData":{"product":{"product_price":400,"price_html":"","original_product_price":400,"price_including_tax":459.9,"price_excluding_tax":400,"product_id":{"parent":6781,"variation":false},"is_variable":true,"stock_status":"instock","stock_quantity":null,"parent_sku":"","product_attributes":{"pa_marque":{"is_variation":false,"values":[]},"pa_largeur":{"is_variation":true,"values":[]},"pa_longueur":{"is_variation":true,"values":[]}},"custom_fields":[],"is_taxable":true,"product_name":"Single Car Shelter Rental","hasImage":false},"fields":{"sec_890ced85167298":{"extra":{"key":"sec_890ced85167298","section_id":"sec_890ced85167298","name":"Default","status":1,"cl_rule":"show","enableCl":false,"relations":[],"toggle":true,"title_tag":"h3","show_title":false,"showPrice":"default","form_id":5170,"form_rules":{"exclude_from_discount":false,"fee_label":"Fee","disp_hide_options_price":false,"disp_show_section_price":false,"disp_show_field_price":true,"layout_option":"standard","pric_use_as_fee":false,"process_fee_as":"woo_fee"},"layout_option":"standard"},"fields":[[{"type":"select","elementId":"wcpa-select-1689893535787","label":"Side Door with PVC Latch","description":"*Location minimum de 2 ans","enablePrice":true,"priceOptions":"different_for_all","pricingType":"fixed","name":"select-1689893535787","cl_rule":"show","col":6,"values":[{"label":"Sans Porte","value":"sans-porte","price":"","pimage":"","pimage_id":"","pthumb":"","selected":true,"gt_translate_keys":["label"]},{"label":"Avec porte de c\u00f4t\u00e9 \/ Prix par Ann\u00e9e","value":"avec-porte","price":"200","pimage":"","pimage_id":"","pthumb":"","gt_translate_keys":["label"]}],"relations":[],"price":0,"active":true,"className":"","label_position":"default","desc_position":"default","required":false,"isWeightTemplate":false,"error":false,"isTemplate":false,"enableCl":false,"gt_translate_keys":["label","description"],"price_dependency":false,"cl_dependency":false,"value":""}],[{"type":"select","elementId":"wcpa-select-1689894393388","label":"6-Inch Extensions (Increase clearance height to 7 feet)","enablePrice":true,"priceOptions":"different_for_all","pricingType":"fixed","name":"select-1689894393388","enableCl":true,"cl_rule":"show","cl_val":"82","operator":"or","col":6,"values":[{"label":"Pas d'extension","value":"pas-extension","price":"","pimage":"","pimage_id":"","pthumb":"","gt_translate_keys":["label"]},{"label":"Avec extensions (24 pieds de longueur ou moin)","value":"avec-extension-24","price":"50","pimage":"","pimage_id":"","pthumb":"","gt_translate_keys":["label"]}],"relations":[{"operator":false,"rules":[{"operator":false,"rules":{"cl_field":"attribute","cl_field_sub":"pa_longueur","cl_relation":"is_in","cl_val":"12-feet"}},{"operator":"or","rules":{"cl_field":"attribute","cl_field_sub":"pa_longueur","cl_relation":"is_in","cl_val":"16-feet"}},{"operator":"or","rules":{"cl_field":"attribute","cl_field_sub":"pa_longueur","cl_relation":"is_in","cl_val":"20-feet"}},{"operator":"or","rules":{"cl_field":"attribute","cl_field_sub":"pa_longueur","cl_relation":"is_in","cl_val":"24-feet"}}]}],"price":0,"active":true,"className":"","label_position":"default","desc_position":"default","required":false,"isWeightTemplate":false,"error":false,"isTemplate":false,"gt_translate_keys":["label"],"price_dependency":false,"cl_dependency":false,"value":""}],[{"type":"select","elementId":"wcpa-select-1690227776581","label":"Permanent Anchors","enablePrice":true,"priceOptions":"different_for_all","pricingType":"fixed","name":"select-1690227776581","enableCl":true,"cl_rule":"show","cl_val":"80","operator":"or","col":6,"values":[{"label":"Sans Ancrage Permanents","value":"sans-ancrage","price":"","pimage":"","pimage_id":"","pthumb":"","selected":true,"gt_translate_keys":["label"]},{"label":"Avec Ancrages Permanents (4)","value":"avec-ancrages-avec-install","price":"160","pimage":"","pimage_id":"","pthumb":"","gt_translate_keys":["label"]}],"relations":[{"operator":false,"rules":[{"operator":false,"rules":{"cl_field":"attribute","cl_field_sub":"pa_longueur","cl_relation":"is_in","cl_val":"12-feet"}},{"operator":"or","rules":{"cl_field":"attribute","cl_field_sub":"pa_longueur","cl_relation":"is_in","cl_val":"16-feet"}}]}],"price":0,"active":true,"className":"","label_position":"default","desc_position":"default","required":false,"isWeightTemplate":false,"error":false,"isTemplate":false,"gt_translate_keys":["label"],"price_dependency":false,"cl_dependency":false,"value":""}],[{"type":"select","elementId":"wcpa-select-1691433186358","label":"Permanent Anchors","enablePrice":true,"priceOptions":"different_for_all","pricingType":"fixed","name":"select-1691433186355","enableCl":true,"cl_rule":"show","cl_val":"81","operator":"or","col":6,"values":[{"label":"Sans Ancrages Permanents","value":"sans-ancrage","price":"","pimage":"","pimage_id":"","pthumb":"","selected":true,"gt_translate_keys":["label"]},{"label":"Avec Ancrages Permanents (4) (AVEC installation)","value":"avec-ancrages-avec-install","price":"160","pimage":"","pimage_id":"","pthumb":"","gt_translate_keys":["label"]},{"label":"Avec Ancrages Permanents (6) (AVEC installation)","value":"avec-6-install","price":"240","pimage":"","pimage_id":"","pthumb":"","gt_translate_keys":["label"]}],"relations":[{"operator":false,"rules":[{"operator":false,"rules":{"cl_field":"attribute","cl_field_sub":"pa_longueur","cl_relation":"is_in","cl_val":"24-feet"}},{"operator":"or","rules":{"cl_field":"attribute","cl_field_sub":"pa_longueur","cl_relation":"is_in","cl_val":"20-feet"}}]}],"price":0,"active":true,"className":"","label_position":"default","desc_position":"default","required":false,"isWeightTemplate":false,"error":false,"isTemplate":false,"gt_translate_keys":["label"],"price_dependency":false,"cl_dependency":false,"value":""}],[{"type":"select","elementId":"wcpa-select-1691433261644","label":"Permanent Anchors","enablePrice":true,"priceOptions":"different_for_all","pricingType":"fixed","name":"select-1691433261640","enableCl":true,"cl_rule":"show","cl_val":"83","operator":"or","col":6,"values":[{"label":"Sans Ancrages Permanents","value":"sans-ancrage","price":"","pimage":"","pimage_id":"","pthumb":"","gt_translate_keys":["label"]},{"label":"Avec Ancrages Permanents (6) (AVEC installation)","value":"avec-ancrages-avec-install","price":"240","pimage":"","pimage_id":"","pthumb":"","gt_translate_keys":["label"]},{"label":"Avec Ancrages Permanents (8) (AVEC installation)","value":"avec-8-install","price":"320","pimage":"","pimage_id":"","pthumb":"","gt_translate_keys":["label"]}],"relations":[{"operator":false,"rules":[{"operator":false,"rules":{"cl_field":"attribute","cl_field_sub":"pa_longueur","cl_relation":"is_in","cl_val":"32-feet"}},{"operator":"or","rules":{"cl_field":"attribute","cl_field_sub":"pa_longueur","cl_relation":"is_in","cl_val":"36-feet"}},{"operator":"or","rules":{"cl_field":"attribute","cl_field_sub":"pa_longueur","cl_relation":"is_in","cl_val":"28-feet"}}]}],"price":0,"active":true,"className":"","label_position":"default","desc_position":"default","required":false,"isWeightTemplate":false,"error":false,"isTemplate":false,"gt_translate_keys":["label"],"price_dependency":false,"cl_dependency":false,"value":""}],[{"type":"select","elementId":"wcpa-select-1693513019015","label":"Permanent Anchors","enablePrice":true,"priceOptions":"different_for_all","pricingType":"fixed","name":"select-1693513019008","enableCl":true,"cl_rule":"show","cl_val":"86","col":6,"values":[{"label":"Sans Ancrages Permanents","value":"sans-ancrage","price":"","pimage":"","pimage_id":"","pthumb":"","gt_translate_keys":["label"]},{"label":"Avec Ancrages Permanents (8) (AVEC installation)","value":"avec-8-install","price":"320","pimage":"","pimage_id":"","pthumb":"","gt_translate_keys":["label"]},{"label":"Avec Ancrages Permanents (10) (AVEC installation)","value":"avec-ancrages-avec-install","price":"400","pimage":"","pimage_id":"","pthumb":"","gt_translate_keys":["label"]}],"relations":[{"operator":false,"rules":[{"operator":false,"rules":{"cl_field":"attribute","cl_field_sub":"pa_longueur","cl_relation":"is_in","cl_val":"40-feet"}}]}],"price":0,"active":true,"className":"","label_position":"default","desc_position":"default","required":false,"isWeightTemplate":false,"error":false,"isTemplate":false,"gt_translate_keys":["label"],"price_dependency":false,"cl_dependency":false,"value":""}],[{"type":"select","elementId":"wcpa-select-1690052764436","label":"6-Inch Extensions (Increase clearance height to 7 feet)","enablePrice":true,"priceOptions":"different_for_all","pricingType":"fixed","name":"select-1690052764432","enableCl":true,"cl_rule":"show","cl_val":"86","operator":"or","col":6,"values":[{"label":"Pas d'extension","value":"pas-extension","price":"","pimage":"","pimage_id":"","pthumb":"","gt_translate_keys":["label"]},{"label":"Avec extensions ","value":"avec-extension-24","price":"75","pimage":"","pimage_id":"","pthumb":"","gt_translate_keys":["label"]}],"relations":[{"operator":false,"rules":[{"operator":false,"rules":{"cl_field":"attribute","cl_field_sub":"pa_longueur","cl_relation":"is_in","cl_val":"28-feet"}},{"operator":"or","rules":{"cl_field":"attribute","cl_field_sub":"pa_longueur","cl_relation":"is_in","cl_val":"32-feet"}},{"operator":"or","rules":{"cl_field":"attribute","cl_field_sub":"pa_longueur","cl_relation":"is_in","cl_val":"36-feet"}},{"operator":"or","rules":{"cl_field":"attribute","cl_field_sub":"pa_longueur","cl_relation":"is_in","cl_val":"40-feet"}}]}],"price":0,"active":true,"className":"","label_position":"default","desc_position":"default","required":false,"isWeightTemplate":false,"error":false,"isTemplate":false,"gt_translate_keys":["label"],"price_dependency":false,"cl_dependency":false,"value":""}],[{"type":"select","elementId":"wcpa-select-1690052976199","label":"Connection Tarp \/ Flap","description":"Il s'agit d'une toile qui relie l'abri d'auto \u00e0 la porte de garage pour emp\u00eacher la p\u00e9n\u00e9tration de la neige.","enablePrice":true,"priceOptions":"different_for_all","pricingType":"fixed","name":"select-1690052976199","cl_rule":"show","col":6,"values":[{"label":"Sans raccordement","value":"avec-raccordement","price":"","pimage":"","pimage_id":"","pthumb":"","selected":true,"gt_translate_keys":["label"]},{"label":"Installation d'une toile existante (Installation Seulement)","value":"install","price":"100","pimage":"","pimage_id":"","pthumb":"","gt_translate_keys":["label"]},{"label":"Avec Raccordement (Mat\u00e9riel et installation)","value":"sans-raccordement","price":"400","pimage":"","pimage_id":"","pthumb":"","gt_translate_keys":["label"]}],"relations":[],"price":0,"active":true,"className":"","label_position":"default","desc_position":"default","required":false,"isWeightTemplate":false,"error":false,"isTemplate":false,"enableCl":false,"gt_translate_keys":["label","description"],"price_dependency":false,"cl_dependency":false,"value":""}]]}},"config":{"price_override":"","enable_recaptcha":false,"bind_quantity":false,"quantity_bind_formula":false,"disp_summ_show_option_price":true,"disp_summ_show_product_price":true,"disp_summ_show_total_price":true,"disp_summ_show_fee":false,"disp_summ_show_discount":false,"summary_title":"","options_total_label":"Options Price","total_label":"Total","options_product_label":"Product Price","fee_label":"Fee","discount_label":"Discount","has_price":true,"has_quantity_formula":false},"mc_unit":1,"tax_rate":1,"tax_rate_real":0.14975,"discount":{"percentage":0,"fixed":0},"design":{"conf":{"LabelPosition":"above","DescPosition":"above","UploadField":"custom_1","QuantityFieldStyle":"default"},"css":{"LeftLabelWidth":"120px"}},"formulas":[],"lookuptables":[],"clones":false,"cartKey":false}},"_links":{"self":[{"href":"https:\/\/abrisdunord.com\/en\/wp-json\/wp\/v2\/product\/6781","targetHints":{"allow":["GET"]}}],"collection":[{"href":"https:\/\/abrisdunord.com\/en\/wp-json\/wp\/v2\/product"}],"about":[{"href":"https:\/\/abrisdunord.com\/en\/wp-json\/wp\/v2\/types\/product"}],"replies":[{"embeddable":true,"href":"https:\/\/abrisdunord.com\/en\/wp-json\/wp\/v2\/comments?post=6781"}],"wp:featuredmedia":[{"embeddable":true,"href":"https:\/\/abrisdunord.com\/en\/wp-json\/wp\/v2\/media\/1233"}],"wp:attachment":[{"href":"https:\/\/abrisdunord.com\/en\/wp-json\/wp\/v2\/media?parent=6781"}],"wp:term":[{"taxonomy":"product_brand","embeddable":true,"href":"https:\/\/abrisdunord.com\/en\/wp-json\/wp\/v2\/product_brand?post=6781"},{"taxonomy":"product_cat","embeddable":true,"href":"https:\/\/abrisdunord.com\/en\/wp-json\/wp\/v2\/product_cat?post=6781"},{"taxonomy":"product_tag","embeddable":true,"href":"https:\/\/abrisdunord.com\/en\/wp-json\/wp\/v2\/product_tag?post=6781"}],"curies":[{"name":"wp","href":"https:\/\/api.w.org\/{rel}","templated":true}]}}