{"id":6785,"date":"2026-05-07T00:45:40","date_gmt":"2026-05-07T04:45:40","guid":{"rendered":"https:\/\/abrisdunord.com\/produit\/storage-shelter\/"},"modified":"2026-05-07T00:45:40","modified_gmt":"2026-05-07T04:45:40","slug":"storage-shelter","status":"publish","type":"product","link":"https:\/\/abrisdunord.com\/en\/produit\/storage-shelter\/","title":{"rendered":"Storage Shelter"},"content":{"rendered":"<p>With all rentals, installation, removal, metal stake anchoring &amp; storage are included.<\/p>\n<ul>\n<li>Width: 5 feet<\/li>\n<li>Length: 8 feet<\/li>\n<li>Clear height: 6&#8217;6&#8243;<\/li>\n<li>Overall height: 8&#8242;<\/li>\n<li>Cover: Woven polyethylene, 240 g\/m\u00b2<\/li>\n<li>UV protection E.V.S. Stays flexible in cold winter weather.<\/li>\n<li>Color: White<\/li>\n<li>Arch spacing: 4&#8242;<\/li>\n<li>Arches: Galvanized steel 18 GA 1\u00bc&#8221; round tube<\/li>\n<li>Windows on each side of the shelter<\/li>\n<li>Doors at both ends of the shelter<\/li>\n<\/ul>\n","protected":false},"excerpt":{"rendered":"<ul>\n<li>Clear height: 6&#8217;6&#8243;<\/li>\n<li>Overall height: 8&#8242;<\/li>\n<li>Cover: Woven polyethylene, 240 g\/m\u00b2<\/li>\n<li>UV protection E.V.S. Stays flexible in cold winter weather.<\/li>\n<li>Color: White<\/li>\n<li>Arch spacing: 4&#8242;<\/li>\n<li>Arches: Galvanized steel 18 GA 1\u00bc&#8221; round tube<\/li>\n<li>Windows on each side of the shelter<\/li>\n<li>Doors at both ends of the shelter<\/li>\n<\/ul>\n","protected":false},"featured_media":74,"comment_status":"","ping_status":"closed","template":"","meta":[],"product_brand":[],"product_cat":[86,181],"product_tag":[],"class_list":{"0":"post-6785","1":"product","2":"type-product","3":"status-publish","4":"has-post-thumbnail","6":"product_cat-achat-abris","7":"product_cat-abris-auto-rangement","9":"first","10":"instock","11":"taxable","12":"shipping-taxable","13":"purchasable","14":"product-type-simple"},"yoast_head":"<!-- This site is optimized with the Yoast SEO plugin v27.4 - https:\/\/yoast.com\/product\/yoast-seo-wordpress\/ -->\n<title>Storage Shelter - Abris Du Nord<\/title>\n<meta name=\"robots\" content=\"index, follow, max-snippet:-1, max-image-preview:large, max-video-preview:-1\" \/>\n<link rel=\"canonical\" href=\"https:\/\/abrisdunord.com\/en\/produit\/storage-shelter\/\" \/>\n<meta property=\"og:locale\" content=\"en_US\" \/>\n<meta property=\"og:type\" content=\"article\" \/>\n<meta property=\"og:title\" content=\"Storage Shelter - Abris Du Nord\" \/>\n<meta property=\"og:description\" content=\"Clear height: 6&#039;6&quot;  Overall height: 8&#039;  Cover: Woven polyethylene, 240 g\/m\u00b2  UV protection E.V.S. Stays flexible in cold winter weather.  Color: White  Arch spacing: 4&#039;  Arches: Galvanized steel 18 GA 1\u00bc&quot; round tube  Windows on each side of the shelter  Doors at both ends of the shelter\" \/>\n<meta property=\"og:url\" content=\"https:\/\/abrisdunord.com\/en\/produit\/storage-shelter\/\" \/>\n<meta property=\"og:site_name\" content=\"Abris Du Nord\" \/>\n<meta property=\"article:publisher\" content=\"https:\/\/www.facebook.com\/abrisdunord\" \/>\n<meta name=\"twitter:card\" content=\"summary_large_image\" \/>\n<script type=\"application\/ld+json\" class=\"yoast-schema-graph\">{\"@context\":\"https:\\\/\\\/schema.org\",\"@graph\":[{\"@type\":\"WebPage\",\"@id\":\"https:\\\/\\\/abrisdunord.com\\\/en\\\/produit\\\/storage-shelter\\\/\",\"url\":\"https:\\\/\\\/abrisdunord.com\\\/en\\\/produit\\\/storage-shelter\\\/\",\"name\":\"Storage Shelter - Abris Du Nord\",\"isPartOf\":{\"@id\":\"https:\\\/\\\/abrisdunord.com\\\/en\\\/#website\"},\"primaryImageOfPage\":{\"@id\":\"https:\\\/\\\/abrisdunord.com\\\/en\\\/produit\\\/storage-shelter\\\/#primaryimage\"},\"image\":{\"@id\":\"https:\\\/\\\/abrisdunord.com\\\/en\\\/produit\\\/storage-shelter\\\/#primaryimage\"},\"thumbnailUrl\":\"https:\\\/\\\/abrisdunord.com\\\/wp-content\\\/uploads\\\/2026\\\/01\\\/Abris-Du-Nord-Produits-Abris-rangement-5x8-1.jpg\",\"datePublished\":\"2026-05-07T04:45:40+00:00\",\"breadcrumb\":{\"@id\":\"https:\\\/\\\/abrisdunord.com\\\/en\\\/produit\\\/storage-shelter\\\/#breadcrumb\"},\"inLanguage\":\"en-US\",\"potentialAction\":[{\"@type\":\"ReadAction\",\"target\":[\"https:\\\/\\\/abrisdunord.com\\\/en\\\/produit\\\/storage-shelter\\\/\"]}]},{\"@type\":\"ImageObject\",\"inLanguage\":\"en-US\",\"@id\":\"https:\\\/\\\/abrisdunord.com\\\/en\\\/produit\\\/storage-shelter\\\/#primaryimage\",\"url\":\"https:\\\/\\\/abrisdunord.com\\\/wp-content\\\/uploads\\\/2026\\\/01\\\/Abris-Du-Nord-Produits-Abris-rangement-5x8-1.jpg\",\"contentUrl\":\"https:\\\/\\\/abrisdunord.com\\\/wp-content\\\/uploads\\\/2026\\\/01\\\/Abris-Du-Nord-Produits-Abris-rangement-5x8-1.jpg\",\"width\":1000,\"height\":1000,\"caption\":\"Abris de rangement - Abris du Nord | Abris du Nord\"},{\"@type\":\"BreadcrumbList\",\"@id\":\"https:\\\/\\\/abrisdunord.com\\\/en\\\/produit\\\/storage-shelter\\\/#breadcrumb\",\"itemListElement\":[{\"@type\":\"ListItem\",\"position\":1,\"name\":\"Accueil\",\"item\":\"https:\\\/\\\/abrisdunord.com\\\/en\\\/\"},{\"@type\":\"ListItem\",\"position\":2,\"name\":\"Shop\",\"item\":\"https:\\\/\\\/abrisdunord.com\\\/boutique\\\/\"},{\"@type\":\"ListItem\",\"position\":3,\"name\":\"Storage Shelter\"}]},{\"@type\":\"WebSite\",\"@id\":\"https:\\\/\\\/abrisdunord.com\\\/en\\\/#website\",\"url\":\"https:\\\/\\\/abrisdunord.com\\\/en\\\/\",\"name\":\"Abris Du Nord | Solarium | Pergolas | Mobilier de jardin | Et plus\",\"description\":\"Car Shelters | Sunrooms | Pergolas | Gazebos\",\"publisher\":{\"@id\":\"https:\\\/\\\/abrisdunord.com\\\/en\\\/#organization\"},\"potentialAction\":[{\"@type\":\"SearchAction\",\"target\":{\"@type\":\"EntryPoint\",\"urlTemplate\":\"https:\\\/\\\/abrisdunord.com\\\/en\\\/?s={search_term_string}\"},\"query-input\":{\"@type\":\"PropertyValueSpecification\",\"valueRequired\":true,\"valueName\":\"search_term_string\"}}],\"inLanguage\":\"en-US\"},{\"@type\":\"Organization\",\"@id\":\"https:\\\/\\\/abrisdunord.com\\\/en\\\/#organization\",\"name\":\"Abris Du Nord\",\"url\":\"https:\\\/\\\/abrisdunord.com\\\/en\\\/\",\"logo\":{\"@type\":\"ImageObject\",\"inLanguage\":\"en-US\",\"@id\":\"https:\\\/\\\/abrisdunord.com\\\/en\\\/#\\\/schema\\\/logo\\\/image\\\/\",\"url\":\"https:\\\/\\\/abrisdunord.com\\\/wp-content\\\/uploads\\\/2026\\\/02\\\/Logo-site-fonce.svg\",\"contentUrl\":\"https:\\\/\\\/abrisdunord.com\\\/wp-content\\\/uploads\\\/2026\\\/02\\\/Logo-site-fonce.svg\",\"width\":239,\"height\":206,\"caption\":\"Abris Du Nord\"},\"image\":{\"@id\":\"https:\\\/\\\/abrisdunord.com\\\/en\\\/#\\\/schema\\\/logo\\\/image\\\/\"},\"sameAs\":[\"https:\\\/\\\/www.facebook.com\\\/abrisdunord\",\"https:\\\/\\\/www.instagram.com\\\/abrisdunord\\\/\",\"https:\\\/\\\/www.tiktok.com\\\/@abrisdunord\",\"https:\\\/\\\/www.youtube.com\\\/@AbrisDuNord\",\"https:\\\/\\\/www.youtube.com\\\/channel\\\/UCsamnF8zXcX5PPwCyfzBRrQ\"]}]}<\/script>\n<!-- \/ Yoast SEO plugin. -->","yoast_head_json":{"title":"Storage Shelter - Abris Du Nord","robots":{"index":"index","follow":"follow","max-snippet":"max-snippet:-1","max-image-preview":"max-image-preview:large","max-video-preview":"max-video-preview:-1"},"canonical":"https:\/\/abrisdunord.com\/en\/produit\/storage-shelter\/","og_locale":"en_US","og_type":"article","og_title":"Storage Shelter - Abris Du Nord","og_description":"Clear height: 6'6\"  Overall height: 8'  Cover: Woven polyethylene, 240 g\/m\u00b2  UV protection E.V.S. Stays flexible in cold winter weather.  Color: White  Arch spacing: 4'  Arches: Galvanized steel 18 GA 1\u00bc\" round tube  Windows on each side of the shelter  Doors at both ends of the shelter","og_url":"https:\/\/abrisdunord.com\/en\/produit\/storage-shelter\/","og_site_name":"Abris Du Nord","article_publisher":"https:\/\/www.facebook.com\/abrisdunord","twitter_card":"summary_large_image","schema":{"@context":"https:\/\/schema.org","@graph":[{"@type":"WebPage","@id":"https:\/\/abrisdunord.com\/en\/produit\/storage-shelter\/","url":"https:\/\/abrisdunord.com\/en\/produit\/storage-shelter\/","name":"Storage Shelter - Abris Du Nord","isPartOf":{"@id":"https:\/\/abrisdunord.com\/en\/#website"},"primaryImageOfPage":{"@id":"https:\/\/abrisdunord.com\/en\/produit\/storage-shelter\/#primaryimage"},"image":{"@id":"https:\/\/abrisdunord.com\/en\/produit\/storage-shelter\/#primaryimage"},"thumbnailUrl":"https:\/\/abrisdunord.com\/wp-content\/uploads\/2026\/01\/Abris-Du-Nord-Produits-Abris-rangement-5x8-1.jpg","datePublished":"2026-05-07T04:45:40+00:00","breadcrumb":{"@id":"https:\/\/abrisdunord.com\/en\/produit\/storage-shelter\/#breadcrumb"},"inLanguage":"en-US","potentialAction":[{"@type":"ReadAction","target":["https:\/\/abrisdunord.com\/en\/produit\/storage-shelter\/"]}]},{"@type":"ImageObject","inLanguage":"en-US","@id":"https:\/\/abrisdunord.com\/en\/produit\/storage-shelter\/#primaryimage","url":"https:\/\/abrisdunord.com\/wp-content\/uploads\/2026\/01\/Abris-Du-Nord-Produits-Abris-rangement-5x8-1.jpg","contentUrl":"https:\/\/abrisdunord.com\/wp-content\/uploads\/2026\/01\/Abris-Du-Nord-Produits-Abris-rangement-5x8-1.jpg","width":1000,"height":1000,"caption":"Abris de rangement - Abris du Nord | Abris du Nord"},{"@type":"BreadcrumbList","@id":"https:\/\/abrisdunord.com\/en\/produit\/storage-shelter\/#breadcrumb","itemListElement":[{"@type":"ListItem","position":1,"name":"Accueil","item":"https:\/\/abrisdunord.com\/en\/"},{"@type":"ListItem","position":2,"name":"Shop","item":"https:\/\/abrisdunord.com\/boutique\/"},{"@type":"ListItem","position":3,"name":"Storage Shelter"}]},{"@type":"WebSite","@id":"https:\/\/abrisdunord.com\/en\/#website","url":"https:\/\/abrisdunord.com\/en\/","name":"Abris Du Nord | Solarium | Pergolas | Mobilier de jardin | Et plus","description":"Car Shelters | Sunrooms | Pergolas | Gazebos","publisher":{"@id":"https:\/\/abrisdunord.com\/en\/#organization"},"potentialAction":[{"@type":"SearchAction","target":{"@type":"EntryPoint","urlTemplate":"https:\/\/abrisdunord.com\/en\/?s={search_term_string}"},"query-input":{"@type":"PropertyValueSpecification","valueRequired":true,"valueName":"search_term_string"}}],"inLanguage":"en-US"},{"@type":"Organization","@id":"https:\/\/abrisdunord.com\/en\/#organization","name":"Abris Du Nord","url":"https:\/\/abrisdunord.com\/en\/","logo":{"@type":"ImageObject","inLanguage":"en-US","@id":"https:\/\/abrisdunord.com\/en\/#\/schema\/logo\/image\/","url":"https:\/\/abrisdunord.com\/wp-content\/uploads\/2026\/02\/Logo-site-fonce.svg","contentUrl":"https:\/\/abrisdunord.com\/wp-content\/uploads\/2026\/02\/Logo-site-fonce.svg","width":239,"height":206,"caption":"Abris Du Nord"},"image":{"@id":"https:\/\/abrisdunord.com\/en\/#\/schema\/logo\/image\/"},"sameAs":["https:\/\/www.facebook.com\/abrisdunord","https:\/\/www.instagram.com\/abrisdunord\/","https:\/\/www.tiktok.com\/@abrisdunord","https:\/\/www.youtube.com\/@AbrisDuNord","https:\/\/www.youtube.com\/channel\/UCsamnF8zXcX5PPwCyfzBRrQ"]}]}},"wcpa_form_fields":{"wcpaData":{"product":{"product_price":349.99,"price_html":"<span class=\"woocommerce-Price-amount amount\"><bdi><span class=\"woocommerce-Price-currencySymbol\">&#36;<\/span>349.99<\/bdi><\/span>","original_product_price":349.99,"price_including_tax":402.4,"price_excluding_tax":349.99,"product_id":{"parent":6785,"variation":false},"is_variable":false,"stock_status":"instock","stock_quantity":null,"parent_sku":"ADN-RANG-001","product_attributes":{"pa_marque":{"is_variation":false,"values":[]}},"custom_fields":[],"is_taxable":true,"product_name":"Storage Shelter","hasImage":false},"fields":{"sec_b8c55d19fec71f":{"extra":{"key":"sec_b8c55d19fec71f","section_id":"sec_b8c55d19fec71f","name":"Default","status":1,"cl_rule":"show","enableCl":false,"relations":[],"toggle":true,"title_tag":"h3","show_title":false,"showPrice":"default","form_id":5175,"form_rules":{"exclude_from_discount":false,"fee_label":"Fee","disp_hide_options_price":false,"disp_show_section_price":false,"disp_show_field_price":true,"layout_option":"standard","pric_use_as_fee":false,"process_fee_as":"woo_fee"},"layout_option":"standard"},"fields":[[{"type":"select","elementId":"wcpa-select-64bc38fe93dba","label":"Permanent Anchors","enablePrice":true,"priceOptions":"different_for_all","pricingType":"fixed","name":"select-64bc38fe93dc1","cl_rule":"show","cl_val":"81","operator":"or","col":6,"values":[{"label":"Sans Ancrages","value":"sans-ancrage-simple","price":"","pimage":"","pimage_id":"","pthumb":"","gt_translate_keys":["label"]},{"label":"Avec ancrages, Sans installation d'ancrages","value":"avec-ancrage-sans-install","price":"100","pimage":"","pimage_id":"","pthumb":"","gt_translate_keys":["label"]},{"label":"Avec Ancrage, Avec Installation d'ancrages","value":"avec-ancrage-avec-install","price":"160","pimage":"","pimage_id":"","pthumb":"","gt_translate_keys":["label"]}],"relations":[{"operator":false,"rules":[{"operator":false,"rules":{"cl_field":"attribute","cl_field_sub":"pa_longueur","cl_relation":"is_in","cl_val":"12-feet"}},{"operator":"or","rules":{"cl_field":"attribute","cl_field_sub":"pa_longueur","cl_relation":"is_in","cl_val":"16-feet"}},{"operator":"or","rules":{"cl_field":"attribute","cl_field_sub":"pa_longueur","cl_relation":"is_in","cl_val":"20-feet"}}]}],"price":0,"active":true,"className":"","label_position":"default","desc_position":"default","required":false,"isWeightTemplate":false,"error":false,"isTemplate":false,"enableCl":true,"gt_translate_keys":["label"],"price_dependency":false,"cl_dependency":false,"value":""}],[{"type":"select","elementId":"wcpa-select-64bc38fe93e78","label":"Shelter Installation","description":"Souhaitez-vous installer l'abri vous m\u00eame ou vous pr\u00e9f\u00e9rez que notre \u00e9quipe s'en occupe?","enablePrice":true,"priceOptions":"different_for_all","pricingType":"fixed","name":"select-64bc38fe93e7f","cl_rule":"show","operator":"and","col":6,"values":[{"label":"Sans installation","value":"sans-install","price":"","pimage":"","pimage_id":"","pthumb":"","selected":true,"gt_translate_keys":["label"]},{"label":"Avec Installation","value":"avec-install","price":"100","pimage":"","pimage_id":"","pthumb":"","gt_translate_keys":["label"]}],"relations":[{"operator":false,"rules":[{"operator":"or","rules":{"cl_field":"product_ids","cl_relation":"is_in","cl_val":6785}}]}],"price":0,"active":true,"className":"","label_position":"default","desc_position":"default","required":false,"isWeightTemplate":false,"error":false,"isTemplate":false,"enableCl":true,"gt_translate_keys":["label","description"],"price_dependency":false,"cl_dependency":false,"value":""}]]}},"config":{"price_override":"","enable_recaptcha":false,"bind_quantity":false,"quantity_bind_formula":false,"disp_summ_show_option_price":true,"disp_summ_show_product_price":true,"disp_summ_show_total_price":true,"disp_summ_show_fee":false,"disp_summ_show_discount":false,"summary_title":"","options_total_label":"Options Price","total_label":"Total","options_product_label":"Product Price","fee_label":"Fee","discount_label":"Discount","has_price":true,"has_quantity_formula":false},"mc_unit":1,"tax_rate":1,"tax_rate_real":0.14975,"discount":{"percentage":0,"fixed":0},"design":{"conf":{"LabelPosition":"above","DescPosition":"above","UploadField":"custom_1","QuantityFieldStyle":"default"},"css":{"LeftLabelWidth":"120px"}},"formulas":[],"lookuptables":[],"clones":false,"cartKey":false}},"_links":{"self":[{"href":"https:\/\/abrisdunord.com\/en\/wp-json\/wp\/v2\/product\/6785","targetHints":{"allow":["GET"]}}],"collection":[{"href":"https:\/\/abrisdunord.com\/en\/wp-json\/wp\/v2\/product"}],"about":[{"href":"https:\/\/abrisdunord.com\/en\/wp-json\/wp\/v2\/types\/product"}],"replies":[{"embeddable":true,"href":"https:\/\/abrisdunord.com\/en\/wp-json\/wp\/v2\/comments?post=6785"}],"wp:featuredmedia":[{"embeddable":true,"href":"https:\/\/abrisdunord.com\/en\/wp-json\/wp\/v2\/media\/74"}],"wp:attachment":[{"href":"https:\/\/abrisdunord.com\/en\/wp-json\/wp\/v2\/media?parent=6785"}],"wp:term":[{"taxonomy":"product_brand","embeddable":true,"href":"https:\/\/abrisdunord.com\/en\/wp-json\/wp\/v2\/product_brand?post=6785"},{"taxonomy":"product_cat","embeddable":true,"href":"https:\/\/abrisdunord.com\/en\/wp-json\/wp\/v2\/product_cat?post=6785"},{"taxonomy":"product_tag","embeddable":true,"href":"https:\/\/abrisdunord.com\/en\/wp-json\/wp\/v2\/product_tag?post=6785"}],"curies":[{"name":"wp","href":"https:\/\/api.w.org\/{rel}","templated":true}]}}