{"id":6786,"date":"2026-05-07T00:45:40","date_gmt":"2026-05-07T04:45:40","guid":{"rendered":"https:\/\/abrisdunord.com\/produit\/mono-slope-car-shelter\/"},"modified":"2026-05-07T00:45:40","modified_gmt":"2026-05-07T04:45:40","slug":"mono-slope-car-shelter","status":"publish","type":"product","link":"https:\/\/abrisdunord.com\/en\/produit\/mono-slope-car-shelter\/","title":{"rendered":"Mono-slope Car Shelter"},"content":{"rendered":"<ul>\n<li>Clear height at entry: 6&#8217;6&#8243;<\/li>\n<li>Overall height: 9&#8217;6&#8243;<\/li>\n<li>Cover: Woven polyethylene, 240 g\/m\u00b2<\/li>\n<li>UV protection E.V.S. Stays flexible in cold winter weather.<\/li>\n<li>Color: White<\/li>\n<li>Arch spacing: 4&#8242;<\/li>\n<li>Arches and frame: Galvanized steel 18 GA 1&#8243; 3\/4&#8243; x 1\u00bc&#8221; Oval (heavier posts than standard single shelter, robust frame)<\/li>\n<li>Windows on each side of the shelter for blind spots<\/li>\n<li>Doors at both ends of the shelter included<\/li>\n<li>Foot pads\/paving protectors included<\/li>\n<li>Premium 1st-quality strap system to attach cover to frame \u2014 no ropes needed.<\/li>\n<\/ul>\n<p>*5-year warranty on manufacturing defects of the shelter frame and cover.<\/p>\n","protected":false},"excerpt":{"rendered":"<ul>\n<li>Clear height at entry: 6&#8217;6&#8243;<\/li>\n<li>Overall height: 9&#8217;6&#8243;<\/li>\n<li>Cover: Woven polyethylene, 240 g\/m\u00b2<\/li>\n<li>UV protection E.V.S. Stays flexible in cold winter weather.<\/li>\n<li>Color: White<\/li>\n<li>Arch spacing: 4&#8242;<\/li>\n<li>Arches and frame: Galvanized steel 18 GA 1&#8243; 3\/4&#8243; x 1\u00bc&#8221; Oval (heavier posts than standard single shelter, robust frame)<\/li>\n<li>Windows on each side of the shelter for blind spots<\/li>\n<li>Doors at both ends of the shelter included<\/li>\n<li>Foot pads\/paving protectors included<\/li>\n<li>Premium 1st-quality strap system to attach cover to frame \u2014 no ropes needed.<\/li>\n<\/ul>\n<p>*5-year warranty on manufacturing defects of the shelter frame and cover.<\/p>\n","protected":false},"featured_media":1319,"comment_status":"","ping_status":"closed","template":"","meta":[],"product_brand":[],"product_cat":[86,181],"product_tag":[],"class_list":{"0":"post-6786","1":"product","2":"type-product","3":"status-publish","4":"has-post-thumbnail","6":"product_cat-achat-abris","7":"product_cat-abris-auto-rangement","9":"first","10":"instock","11":"taxable","12":"shipping-taxable","13":"purchasable","14":"product-type-variable","15":"rtwpvs-product"},"yoast_head":"<!-- This site is optimized with the Yoast SEO plugin v27.4 - https:\/\/yoast.com\/product\/yoast-seo-wordpress\/ -->\n<title>Mono-slope Car Shelter - Abris Du Nord<\/title>\n<meta name=\"robots\" content=\"index, follow, max-snippet:-1, max-image-preview:large, max-video-preview:-1\" \/>\n<link rel=\"canonical\" href=\"https:\/\/abrisdunord.com\/en\/produit\/mono-slope-car-shelter\/\" \/>\n<meta property=\"og:locale\" content=\"en_US\" \/>\n<meta property=\"og:type\" content=\"article\" \/>\n<meta property=\"og:title\" content=\"Mono-slope Car Shelter - Abris Du Nord\" \/>\n<meta property=\"og:description\" content=\"Clear height at entry: 6&#039;6&quot;  Overall height: 9&#039;6&quot;  Cover: Woven polyethylene, 240 g\/m\u00b2  UV protection E.V.S. Stays flexible in cold winter weather.  Color: White  Arch spacing: 4&#039;  Arches and frame: Galvanized steel 18 GA 1&quot; 3\/4&quot; x 1\u00bc&quot; Oval (heavier posts than standard single shelter, robust frame)  Windows on each side of the shelter for blind spots  Doors at both ends of the shelter included  Foot pads\/paving protectors included  Premium 1st-quality strap system to attach cover to frame \u2014 no ropes needed. *5-year warranty on manufacturing defects of the shelter frame and cover.\" \/>\n<meta property=\"og:url\" content=\"https:\/\/abrisdunord.com\/en\/produit\/mono-slope-car-shelter\/\" \/>\n<meta property=\"og:site_name\" content=\"Abris Du Nord\" \/>\n<meta property=\"article:publisher\" content=\"https:\/\/www.facebook.com\/abrisdunord\" \/>\n<meta name=\"twitter:card\" content=\"summary_large_image\" \/>\n<script type=\"application\/ld+json\" class=\"yoast-schema-graph\">{\"@context\":\"https:\\\/\\\/schema.org\",\"@graph\":[{\"@type\":\"WebPage\",\"@id\":\"https:\\\/\\\/abrisdunord.com\\\/en\\\/produit\\\/mono-slope-car-shelter\\\/\",\"url\":\"https:\\\/\\\/abrisdunord.com\\\/en\\\/produit\\\/mono-slope-car-shelter\\\/\",\"name\":\"Mono-slope Car Shelter - Abris Du Nord\",\"isPartOf\":{\"@id\":\"https:\\\/\\\/abrisdunord.com\\\/en\\\/#website\"},\"primaryImageOfPage\":{\"@id\":\"https:\\\/\\\/abrisdunord.com\\\/en\\\/produit\\\/mono-slope-car-shelter\\\/#primaryimage\"},\"image\":{\"@id\":\"https:\\\/\\\/abrisdunord.com\\\/en\\\/produit\\\/mono-slope-car-shelter\\\/#primaryimage\"},\"thumbnailUrl\":\"https:\\\/\\\/abrisdunord.com\\\/wp-content\\\/uploads\\\/2026\\\/01\\\/abris-du-nord-produits-monopente-16x32-1-1.jpg\",\"datePublished\":\"2026-05-07T04:45:40+00:00\",\"breadcrumb\":{\"@id\":\"https:\\\/\\\/abrisdunord.com\\\/en\\\/produit\\\/mono-slope-car-shelter\\\/#breadcrumb\"},\"inLanguage\":\"en-US\",\"potentialAction\":[{\"@type\":\"ReadAction\",\"target\":[\"https:\\\/\\\/abrisdunord.com\\\/en\\\/produit\\\/mono-slope-car-shelter\\\/\"]}]},{\"@type\":\"ImageObject\",\"inLanguage\":\"en-US\",\"@id\":\"https:\\\/\\\/abrisdunord.com\\\/en\\\/produit\\\/mono-slope-car-shelter\\\/#primaryimage\",\"url\":\"https:\\\/\\\/abrisdunord.com\\\/wp-content\\\/uploads\\\/2026\\\/01\\\/abris-du-nord-produits-monopente-16x32-1-1.jpg\",\"contentUrl\":\"https:\\\/\\\/abrisdunord.com\\\/wp-content\\\/uploads\\\/2026\\\/01\\\/abris-du-nord-produits-monopente-16x32-1-1.jpg\",\"width\":1200,\"height\":1200,\"caption\":\"Location d'abris Monopente - Abris du Nord | Abris du Nord\"},{\"@type\":\"BreadcrumbList\",\"@id\":\"https:\\\/\\\/abrisdunord.com\\\/en\\\/produit\\\/mono-slope-car-shelter\\\/#breadcrumb\",\"itemListElement\":[{\"@type\":\"ListItem\",\"position\":1,\"name\":\"Accueil\",\"item\":\"https:\\\/\\\/abrisdunord.com\\\/en\\\/\"},{\"@type\":\"ListItem\",\"position\":2,\"name\":\"Shop\",\"item\":\"https:\\\/\\\/abrisdunord.com\\\/boutique\\\/\"},{\"@type\":\"ListItem\",\"position\":3,\"name\":\"Mono-slope Car Shelter\"}]},{\"@type\":\"WebSite\",\"@id\":\"https:\\\/\\\/abrisdunord.com\\\/en\\\/#website\",\"url\":\"https:\\\/\\\/abrisdunord.com\\\/en\\\/\",\"name\":\"Abris Du Nord | Solarium | Pergolas | Mobilier de jardin | Et plus\",\"description\":\"Car Shelters | Sunrooms | Pergolas | Gazebos\",\"publisher\":{\"@id\":\"https:\\\/\\\/abrisdunord.com\\\/en\\\/#organization\"},\"potentialAction\":[{\"@type\":\"SearchAction\",\"target\":{\"@type\":\"EntryPoint\",\"urlTemplate\":\"https:\\\/\\\/abrisdunord.com\\\/en\\\/?s={search_term_string}\"},\"query-input\":{\"@type\":\"PropertyValueSpecification\",\"valueRequired\":true,\"valueName\":\"search_term_string\"}}],\"inLanguage\":\"en-US\"},{\"@type\":\"Organization\",\"@id\":\"https:\\\/\\\/abrisdunord.com\\\/en\\\/#organization\",\"name\":\"Abris Du Nord\",\"url\":\"https:\\\/\\\/abrisdunord.com\\\/en\\\/\",\"logo\":{\"@type\":\"ImageObject\",\"inLanguage\":\"en-US\",\"@id\":\"https:\\\/\\\/abrisdunord.com\\\/en\\\/#\\\/schema\\\/logo\\\/image\\\/\",\"url\":\"https:\\\/\\\/abrisdunord.com\\\/wp-content\\\/uploads\\\/2026\\\/02\\\/Logo-site-fonce.svg\",\"contentUrl\":\"https:\\\/\\\/abrisdunord.com\\\/wp-content\\\/uploads\\\/2026\\\/02\\\/Logo-site-fonce.svg\",\"width\":239,\"height\":206,\"caption\":\"Abris Du Nord\"},\"image\":{\"@id\":\"https:\\\/\\\/abrisdunord.com\\\/en\\\/#\\\/schema\\\/logo\\\/image\\\/\"},\"sameAs\":[\"https:\\\/\\\/www.facebook.com\\\/abrisdunord\",\"https:\\\/\\\/www.instagram.com\\\/abrisdunord\\\/\",\"https:\\\/\\\/www.tiktok.com\\\/@abrisdunord\",\"https:\\\/\\\/www.youtube.com\\\/@AbrisDuNord\",\"https:\\\/\\\/www.youtube.com\\\/channel\\\/UCsamnF8zXcX5PPwCyfzBRrQ\"]}]}<\/script>\n<!-- \/ Yoast SEO plugin. -->","yoast_head_json":{"title":"Mono-slope Car Shelter - Abris Du Nord","robots":{"index":"index","follow":"follow","max-snippet":"max-snippet:-1","max-image-preview":"max-image-preview:large","max-video-preview":"max-video-preview:-1"},"canonical":"https:\/\/abrisdunord.com\/en\/produit\/mono-slope-car-shelter\/","og_locale":"en_US","og_type":"article","og_title":"Mono-slope Car Shelter - Abris Du Nord","og_description":"Clear height at entry: 6'6\"  Overall height: 9'6\"  Cover: Woven polyethylene, 240 g\/m\u00b2  UV protection E.V.S. Stays flexible in cold winter weather.  Color: White  Arch spacing: 4'  Arches and frame: Galvanized steel 18 GA 1\" 3\/4\" x 1\u00bc\" Oval (heavier posts than standard single shelter, robust frame)  Windows on each side of the shelter for blind spots  Doors at both ends of the shelter included  Foot pads\/paving protectors included  Premium 1st-quality strap system to attach cover to frame \u2014 no ropes needed. *5-year warranty on manufacturing defects of the shelter frame and cover.","og_url":"https:\/\/abrisdunord.com\/en\/produit\/mono-slope-car-shelter\/","og_site_name":"Abris Du Nord","article_publisher":"https:\/\/www.facebook.com\/abrisdunord","twitter_card":"summary_large_image","schema":{"@context":"https:\/\/schema.org","@graph":[{"@type":"WebPage","@id":"https:\/\/abrisdunord.com\/en\/produit\/mono-slope-car-shelter\/","url":"https:\/\/abrisdunord.com\/en\/produit\/mono-slope-car-shelter\/","name":"Mono-slope Car Shelter - Abris Du Nord","isPartOf":{"@id":"https:\/\/abrisdunord.com\/en\/#website"},"primaryImageOfPage":{"@id":"https:\/\/abrisdunord.com\/en\/produit\/mono-slope-car-shelter\/#primaryimage"},"image":{"@id":"https:\/\/abrisdunord.com\/en\/produit\/mono-slope-car-shelter\/#primaryimage"},"thumbnailUrl":"https:\/\/abrisdunord.com\/wp-content\/uploads\/2026\/01\/abris-du-nord-produits-monopente-16x32-1-1.jpg","datePublished":"2026-05-07T04:45:40+00:00","breadcrumb":{"@id":"https:\/\/abrisdunord.com\/en\/produit\/mono-slope-car-shelter\/#breadcrumb"},"inLanguage":"en-US","potentialAction":[{"@type":"ReadAction","target":["https:\/\/abrisdunord.com\/en\/produit\/mono-slope-car-shelter\/"]}]},{"@type":"ImageObject","inLanguage":"en-US","@id":"https:\/\/abrisdunord.com\/en\/produit\/mono-slope-car-shelter\/#primaryimage","url":"https:\/\/abrisdunord.com\/wp-content\/uploads\/2026\/01\/abris-du-nord-produits-monopente-16x32-1-1.jpg","contentUrl":"https:\/\/abrisdunord.com\/wp-content\/uploads\/2026\/01\/abris-du-nord-produits-monopente-16x32-1-1.jpg","width":1200,"height":1200,"caption":"Location d'abris Monopente - Abris du Nord | Abris du Nord"},{"@type":"BreadcrumbList","@id":"https:\/\/abrisdunord.com\/en\/produit\/mono-slope-car-shelter\/#breadcrumb","itemListElement":[{"@type":"ListItem","position":1,"name":"Accueil","item":"https:\/\/abrisdunord.com\/en\/"},{"@type":"ListItem","position":2,"name":"Shop","item":"https:\/\/abrisdunord.com\/boutique\/"},{"@type":"ListItem","position":3,"name":"Mono-slope Car Shelter"}]},{"@type":"WebSite","@id":"https:\/\/abrisdunord.com\/en\/#website","url":"https:\/\/abrisdunord.com\/en\/","name":"Abris Du Nord | Solarium | Pergolas | Mobilier de jardin | Et plus","description":"Car Shelters | Sunrooms | Pergolas | Gazebos","publisher":{"@id":"https:\/\/abrisdunord.com\/en\/#organization"},"potentialAction":[{"@type":"SearchAction","target":{"@type":"EntryPoint","urlTemplate":"https:\/\/abrisdunord.com\/en\/?s={search_term_string}"},"query-input":{"@type":"PropertyValueSpecification","valueRequired":true,"valueName":"search_term_string"}}],"inLanguage":"en-US"},{"@type":"Organization","@id":"https:\/\/abrisdunord.com\/en\/#organization","name":"Abris Du Nord","url":"https:\/\/abrisdunord.com\/en\/","logo":{"@type":"ImageObject","inLanguage":"en-US","@id":"https:\/\/abrisdunord.com\/en\/#\/schema\/logo\/image\/","url":"https:\/\/abrisdunord.com\/wp-content\/uploads\/2026\/02\/Logo-site-fonce.svg","contentUrl":"https:\/\/abrisdunord.com\/wp-content\/uploads\/2026\/02\/Logo-site-fonce.svg","width":239,"height":206,"caption":"Abris Du Nord"},"image":{"@id":"https:\/\/abrisdunord.com\/en\/#\/schema\/logo\/image\/"},"sameAs":["https:\/\/www.facebook.com\/abrisdunord","https:\/\/www.instagram.com\/abrisdunord\/","https:\/\/www.tiktok.com\/@abrisdunord","https:\/\/www.youtube.com\/@AbrisDuNord","https:\/\/www.youtube.com\/channel\/UCsamnF8zXcX5PPwCyfzBRrQ"]}]}},"wcpa_form_fields":{"wcpaData":{"product":{"product_price":839.99,"price_html":"","original_product_price":839.99,"price_including_tax":965.78,"price_excluding_tax":839.99,"product_id":{"parent":6786,"variation":false},"is_variable":true,"stock_status":"instock","stock_quantity":null,"parent_sku":"","product_attributes":{"pa_marque":{"is_variation":false,"values":[]},"pa_longueur-monopente":{"is_variation":true,"values":[]}},"custom_fields":[],"is_taxable":true,"product_name":"Mono-slope Car Shelter","hasImage":false},"fields":{"sec_5a05f9f2870095":{"extra":{"key":"sec_5a05f9f2870095","section_id":"sec_5a05f9f2870095","name":"Default","status":1,"cl_rule":"show","enableCl":false,"relations":[],"toggle":true,"title_tag":"h3","show_title":false,"showPrice":"default","form_id":5178,"form_rules":{"exclude_from_discount":false,"fee_label":"Fee","disp_hide_options_price":false,"disp_show_section_price":false,"disp_show_field_price":true,"layout_option":"standard","pric_use_as_fee":false,"process_fee_as":"woo_fee"},"layout_option":"standard"},"fields":[[{"type":"select","elementId":"wcpa-select-1759960020970","label":"Side Door","description":"Voulez-vous avoir une porte de c\u00f4t\u00e9 pour votre abri?","enablePrice":true,"priceOptions":"different_for_all","pricingType":"fixed","name":"select-1759960020970","cl_rule":"show","col":6,"values":[{"label":"Sans porte ","value":"sans-porte","price":"","pimage":"","pimage_id":"","pthumb":"","selected":true,"gt_translate_keys":["label"]},{"label":"Avec porte","value":"avec-porte","price":"150","pimage":"","pimage_id":"","pthumb":"","gt_translate_keys":["label"]}],"relations":[],"price":0,"active":true,"className":"","label_position":"default","desc_position":"default","required":false,"isWeightTemplate":false,"error":false,"isTemplate":false,"enableCl":false,"gt_translate_keys":["label","description"],"price_dependency":false,"cl_dependency":false,"value":""}],[{"type":"select","elementId":"wcpa-select-1759960121975","label":"Connection Tarp","description":"Il s'agit de la partie qui relie l'abri \u00e0 la maison (g\u00e9n\u00e9ralement au garage)","enablePrice":true,"priceOptions":"different_for_all","pricingType":"fixed","name":"select-1759960121975","cl_rule":"show","col":6,"values":[{"label":"Sans raccordement","value":"sans-raccordement","price":"","pimage":"","pimage_id":"","pthumb":"","gt_translate_keys":["label"]},{"label":"Avec Raccordement, SANS installation","value":"avec-raccordement-sans","price":"100","pimage":"","pimage_id":"","pthumb":"","gt_translate_keys":["label"]},{"label":"Avec Raccordement, AVEC installation","value":"avec-raccordement-avec","price":"400","pimage":"","pimage_id":"","pthumb":"","gt_translate_keys":["label"]}],"relations":[],"price":0,"active":true,"className":"","label_position":"default","desc_position":"default","required":false,"isWeightTemplate":false,"error":false,"isTemplate":false,"enableCl":false,"gt_translate_keys":["label","description"],"price_dependency":false,"cl_dependency":false,"value":""}],[{"type":"select","elementId":"wcpa-select-1759960183428","label":"Permanent Anchors","enablePrice":true,"priceOptions":"different_for_all","pricingType":"fixed","name":"select-1759960183428","enableCl":true,"cl_rule":"show","cl_val":"200","operator":"or","col":6,"values":[{"label":"Sans Ancrages","value":"sans-ancrage-simple","price":"","pimage":"","pimage_id":"","pthumb":"","gt_translate_keys":["label"]},{"label":"Avec ancrages (4), Sans installation d'ancrages","value":"avec-ancrage-sans-install","price":"100","pimage":"","pimage_id":"","pthumb":"","gt_translate_keys":["label"]},{"label":"Avec Ancrage (4), Avec Installation d'ancrages","value":"avec-ancrage-avec-install","price":"160","pimage":"","pimage_id":"","pthumb":"","gt_translate_keys":["label"]}],"relations":[{"operator":false,"rules":[{"operator":false,"rules":{"cl_field":"attribute","cl_field_sub":"pa_longueur-monopente","cl_relation":"is_in","cl_val":"16-feet"}},{"operator":"or","rules":{"cl_field":"attribute","cl_field_sub":"pa_longueur-monopente","cl_relation":"is_in","cl_val":"20-feet"}}]}],"price":0,"active":true,"className":"","label_position":"default","desc_position":"default","required":false,"isWeightTemplate":false,"error":false,"isTemplate":false,"gt_translate_keys":["label"],"price_dependency":false,"cl_dependency":false,"value":""}],[{"type":"select","elementId":"wcpa-select-1759960258759","label":"Permanent Anchors","enablePrice":true,"priceOptions":"different_for_all","pricingType":"fixed","name":"select-1759960258759","enableCl":true,"cl_rule":"show","cl_val":"202","operator":"or","col":6,"values":[{"label":"Sans Ancrages","value":"sans-ancrage-simple","price":"","pimage":"","pimage_id":"","pthumb":"","gt_translate_keys":["label"]},{"label":"Avec ancrages (6), Sans installation d'ancrages","value":"avec-ancrage-sans-install","price":"150","pimage":"","pimage_id":"","pthumb":"","gt_translate_keys":["label"]},{"label":"Avec Ancrage (6), Avec Installation d'ancrages","value":"avec-ancrage-avec-install","price":"240","pimage":"","pimage_id":"","pthumb":"","gt_translate_keys":["label"]}],"relations":[{"operator":false,"rules":[{"operator":false,"rules":{"cl_field":"attribute","cl_field_sub":"pa_longueur-monopente","cl_relation":"is_in","cl_val":"24-feet"}},{"operator":"or","rules":{"cl_field":"attribute","cl_field_sub":"pa_longueur-monopente","cl_relation":"is_in","cl_val":"28-feet"}}]}],"price":0,"active":true,"className":"","label_position":"default","desc_position":"default","required":false,"isWeightTemplate":false,"error":false,"isTemplate":false,"gt_translate_keys":["label"],"price_dependency":false,"cl_dependency":false,"value":""}],[{"type":"select","elementId":"wcpa-select-1759960290541","label":"Permanent Anchors","enablePrice":true,"priceOptions":"different_for_all","pricingType":"fixed","name":"select-1759960290541","enableCl":true,"cl_rule":"show","cl_val":"203","col":6,"values":[{"label":"Sans Ancrages","value":"sans-ancrage-simple","price":"","pimage":"","pimage_id":"","pthumb":"","gt_translate_keys":["label"]},{"label":"Avec ancrages (8), Sans installation d'ancrages","value":"avec-ancrage-sans-install","price":"200","pimage":"","pimage_id":"","pthumb":"","gt_translate_keys":["label"]},{"label":"Avec Ancrage (8), Avec Installation d'ancrages","value":"avec-ancrage-avec-install","price":"320","pimage":"","pimage_id":"","pthumb":"","gt_translate_keys":["label"]}],"relations":[{"operator":false,"rules":[{"operator":false,"rules":{"cl_field":"attribute","cl_field_sub":"pa_longueur-monopente","cl_relation":"is_in","cl_val":"32-feet"}}]}],"price":0,"active":true,"className":"","label_position":"default","desc_position":"default","required":false,"isWeightTemplate":false,"error":false,"isTemplate":false,"gt_translate_keys":["label"],"price_dependency":false,"cl_dependency":false,"value":""}],[{"type":"select","elementId":"wcpa-select-1759960324668","label":"Shelter Installation","description":"Souhaitez-vous faire installer l'abri par notre \u00e9quipe?","enablePrice":true,"priceOptions":"different_for_all","pricingType":"fixed","name":"select-1759960324668","enableCl":true,"cl_rule":"show","cl_val":"199","col":6,"values":[{"label":"Sans installation","value":"sans-install-monopente","price":"","pimage":"","pimage_id":"","pthumb":"","gt_translate_keys":["label"]},{"label":"Avec Installation ","value":"avec-install","price":"200","pimage":"","pimage_id":"","pthumb":"","gt_translate_keys":["label"]}],"relations":[{"operator":false,"rules":[{"operator":false,"rules":{"cl_field":"attribute","cl_field_sub":"pa_longueur-monopente","cl_relation":"is_in","cl_val":"16-feet"}}]}],"price":0,"active":true,"className":"","label_position":"default","desc_position":"default","required":false,"isWeightTemplate":false,"error":false,"isTemplate":false,"gt_translate_keys":["label","description"],"price_dependency":false,"cl_dependency":false,"value":""}],[{"type":"select","elementId":"wcpa-select-1759960383043","label":"Shelter Installation","description":"Souhaitez-vous faire installer l'abri par notre \u00e9quipe?","enablePrice":true,"priceOptions":"different_for_all","pricingType":"fixed","name":"select-1759960383042","enableCl":true,"cl_rule":"show","cl_val":"200","col":6,"values":[{"label":"Sans installation","value":"sans-install-monopente","price":"","pimage":"","pimage_id":"","pthumb":"","gt_translate_keys":["label"]},{"label":"Avec Installation ","value":"avec-install","price":"220","pimage":"","pimage_id":"","pthumb":"","gt_translate_keys":["label"]}],"relations":[{"operator":false,"rules":[{"operator":false,"rules":{"cl_field":"attribute","cl_field_sub":"pa_longueur-monopente","cl_relation":"is_in","cl_val":"20-feet"}}]}],"price":0,"active":true,"className":"","label_position":"default","desc_position":"default","required":false,"isWeightTemplate":false,"error":false,"isTemplate":false,"gt_translate_keys":["label","description"],"price_dependency":false,"cl_dependency":false,"value":""}],[{"type":"select","elementId":"wcpa-select-1759960398816","label":"Shelter Installation","description":"Souhaitez-vous faire installer l'abri par notre \u00e9quipe?","enablePrice":true,"priceOptions":"different_for_all","pricingType":"fixed","name":"select-1759960398816","enableCl":true,"cl_rule":"show","cl_val":"201","col":6,"values":[{"label":"Sans installation","value":"sans-install-monopente","price":"","pimage":"","pimage_id":"","pthumb":"","gt_translate_keys":["label"]},{"label":"Avec Installation ","value":"avec-install","price":"240","pimage":"","pimage_id":"","pthumb":"","gt_translate_keys":["label"]}],"relations":[{"operator":false,"rules":[{"operator":false,"rules":{"cl_field":"attribute","cl_field_sub":"pa_longueur-monopente","cl_relation":"is_in","cl_val":"24-feet"}}]}],"price":0,"active":true,"className":"","label_position":"default","desc_position":"default","required":false,"isWeightTemplate":false,"error":false,"isTemplate":false,"gt_translate_keys":["label","description"],"price_dependency":false,"cl_dependency":false,"value":""}],[{"type":"select","elementId":"wcpa-select-1759960411808","label":"Shelter Installation","description":"Souhaitez-vous faire installer l'abri par notre \u00e9quipe?","enablePrice":true,"priceOptions":"different_for_all","pricingType":"fixed","name":"select-1759960411808","enableCl":true,"cl_rule":"show","cl_val":"202","col":6,"values":[{"label":"Sans installation","value":"sans-install-monopente","price":"","pimage":"","pimage_id":"","pthumb":"","gt_translate_keys":["label"]},{"label":"Avec Installation ","value":"avec-install","price":"270","pimage":"","pimage_id":"","pthumb":"","gt_translate_keys":["label"]}],"relations":[{"operator":false,"rules":[{"operator":false,"rules":{"cl_field":"attribute","cl_field_sub":"pa_longueur-monopente","cl_relation":"is_in","cl_val":"28-feet"}}]}],"price":0,"active":true,"className":"","label_position":"default","desc_position":"default","required":false,"isWeightTemplate":false,"error":false,"isTemplate":false,"gt_translate_keys":["label","description"],"price_dependency":false,"cl_dependency":false,"value":""}],[{"type":"select","elementId":"wcpa-select-1759960423638","label":"Shelter Installation","description":"Souhaitez-vous faire installer l'abri par notre \u00e9quipe?","enablePrice":true,"priceOptions":"different_for_all","pricingType":"fixed","name":"select-1759960423638","enableCl":true,"cl_rule":"show","cl_val":"203","col":6,"values":[{"label":"Sans installation","value":"sans-install-monopente","price":"","pimage":"","pimage_id":"","pthumb":"","gt_translate_keys":["label"]},{"label":"Avec Installation","value":"avec-install","price":"300","pimage":"","pimage_id":"","pthumb":"","gt_translate_keys":["label"]}],"relations":[{"operator":false,"rules":[{"operator":false,"rules":{"cl_field":"attribute","cl_field_sub":"pa_longueur-monopente","cl_relation":"is_in","cl_val":"32-feet"}}]}],"price":0,"active":true,"className":"","label_position":"default","desc_position":"default","required":false,"isWeightTemplate":false,"error":false,"isTemplate":false,"gt_translate_keys":["label","description"],"price_dependency":false,"cl_dependency":false,"value":""}]]}},"config":{"price_override":"","enable_recaptcha":false,"bind_quantity":false,"quantity_bind_formula":false,"disp_summ_show_option_price":true,"disp_summ_show_product_price":true,"disp_summ_show_total_price":true,"disp_summ_show_fee":false,"disp_summ_show_discount":false,"summary_title":"","options_total_label":"Options Price","total_label":"Total","options_product_label":"Product Price","fee_label":"Fee","discount_label":"Discount","has_price":true,"has_quantity_formula":false},"mc_unit":1,"tax_rate":1,"tax_rate_real":0.14975,"discount":{"percentage":0,"fixed":0},"design":{"conf":{"LabelPosition":"above","DescPosition":"above","UploadField":"custom_1","QuantityFieldStyle":"default"},"css":{"LeftLabelWidth":"120px"}},"formulas":[],"lookuptables":[],"clones":false,"cartKey":false}},"_links":{"self":[{"href":"https:\/\/abrisdunord.com\/en\/wp-json\/wp\/v2\/product\/6786","targetHints":{"allow":["GET"]}}],"collection":[{"href":"https:\/\/abrisdunord.com\/en\/wp-json\/wp\/v2\/product"}],"about":[{"href":"https:\/\/abrisdunord.com\/en\/wp-json\/wp\/v2\/types\/product"}],"replies":[{"embeddable":true,"href":"https:\/\/abrisdunord.com\/en\/wp-json\/wp\/v2\/comments?post=6786"}],"wp:featuredmedia":[{"embeddable":true,"href":"https:\/\/abrisdunord.com\/en\/wp-json\/wp\/v2\/media\/1319"}],"wp:attachment":[{"href":"https:\/\/abrisdunord.com\/en\/wp-json\/wp\/v2\/media?parent=6786"}],"wp:term":[{"taxonomy":"product_brand","embeddable":true,"href":"https:\/\/abrisdunord.com\/en\/wp-json\/wp\/v2\/product_brand?post=6786"},{"taxonomy":"product_cat","embeddable":true,"href":"https:\/\/abrisdunord.com\/en\/wp-json\/wp\/v2\/product_cat?post=6786"},{"taxonomy":"product_tag","embeddable":true,"href":"https:\/\/abrisdunord.com\/en\/wp-json\/wp\/v2\/product_tag?post=6786"}],"curies":[{"name":"wp","href":"https:\/\/api.w.org\/{rel}","templated":true}]}}